{"id":989,"date":"2026-02-18T11:55:42","date_gmt":"2026-02-18T14:55:42","guid":{"rendered":"https:\/\/dannydemiranda.com.br\/?page_id=989"},"modified":"2026-02-18T11:56:41","modified_gmt":"2026-02-18T14:56:41","slug":"natacao","status":"publish","type":"page","link":"https:\/\/dannydemiranda.com.br\/?page_id=989","title":{"rendered":"Nata\u00e7\u00e3o"},"content":{"rendered":"\t\t<div data-elementor-type=\"wp-page\" data-elementor-id=\"989\" class=\"elementor elementor-989\">\n\t\t\t\t<div class=\"elementor-element elementor-element-8443ea6 e-flex e-con-boxed e-con e-parent\" data-id=\"8443ea6\" data-element_type=\"container\" data-e-type=\"container\">\n\t\t\t\t\t<div class=\"e-con-inner\">\n\t\t\t\t<div class=\"elementor-element elementor-element-36b9a0e elementor-widget elementor-widget-text-editor\" data-id=\"36b9a0e\" data-element_type=\"widget\" data-e-type=\"widget\" data-widget_type=\"text-editor.default\">\n\t\t\t\t<div class=\"elementor-widget-container\">\n\t\t\t\t\t\t\t\t\t<p>(<em>p\u00e1gina em constru\u00e7\u00e3o<\/em>)<\/p>\t\t\t\t\t\t\t\t<\/div>\n\t\t\t\t<\/div>\n\t\t\t\t\t<\/div>\n\t\t\t\t<\/div>\n\t\t<div class=\"elementor-element elementor-element-e1b56ba e-flex e-con-boxed e-con e-parent\" data-id=\"e1b56ba\" data-element_type=\"container\" data-e-type=\"container\">\n\t\t\t\t\t<div class=\"e-con-inner\">\n\t\t<div class=\"elementor-element elementor-element-4402ad4 e-con-full e-flex e-con e-child\" data-id=\"4402ad4\" data-element_type=\"container\" data-e-type=\"container\">\n\t\t\t\t<\/div>\n\t\t<div class=\"elementor-element elementor-element-f2b370d e-con-full e-flex e-con e-child\" data-id=\"f2b370d\" data-element_type=\"container\" data-e-type=\"container\">\n\t\t\t\t<div class=\"elementor-element elementor-element-0a7ab4d elementor-widget elementor-widget-video\" data-id=\"0a7ab4d\" data-element_type=\"widget\" data-e-type=\"widget\" data-settings=\"{&quot;youtube_url&quot;:&quot;https:\\\/\\\/www.youtube.com\\\/watch?v=8Jza19JAZY8&quot;,&quot;video_type&quot;:&quot;youtube&quot;,&quot;controls&quot;:&quot;yes&quot;}\" data-widget_type=\"video.default\">\n\t\t\t\t<div class=\"elementor-widget-container\">\n\t\t\t\t\t\t\t<div class=\"elementor-wrapper elementor-open-inline\">\n\t\t\t<div class=\"elementor-video\"><\/div>\t\t<\/div>\n\t\t\t\t\t\t<\/div>\n\t\t\t\t<\/div>\n\t\t\t\t<\/div>\n\t\t<div class=\"elementor-element elementor-element-b2736c0 e-con-full e-flex e-con e-child\" data-id=\"b2736c0\" data-element_type=\"container\" data-e-type=\"container\">\n\t\t\t\t<\/div>\n\t\t\t\t\t<\/div>\n\t\t\t\t<\/div>\n\t\t\t\t<\/div>\n\t\t","protected":false},"excerpt":{"rendered":"<p>(p\u00e1gina em constru\u00e7\u00e3o) https:\/\/www.youtube.com\/watch?v=8Jza19JAZY8<\/p>\n","protected":false},"author":1,"featured_media":0,"parent":0,"menu_order":0,"comment_status":"closed","ping_status":"closed","template":"","meta":{"inspiro_hide_title":false,"footnotes":""},"class_list":["post-989","page","type-page","status-publish","hentry"],"_links":{"self":[{"href":"https:\/\/dannydemiranda.com.br\/index.php?rest_route=\/wp\/v2\/pages\/989","targetHints":{"allow":["GET"]}}],"collection":[{"href":"https:\/\/dannydemiranda.com.br\/index.php?rest_route=\/wp\/v2\/pages"}],"about":[{"href":"https:\/\/dannydemiranda.com.br\/index.php?rest_route=\/wp\/v2\/types\/page"}],"author":[{"embeddable":true,"href":"https:\/\/dannydemiranda.com.br\/index.php?rest_route=\/wp\/v2\/users\/1"}],"replies":[{"embeddable":true,"href":"https:\/\/dannydemiranda.com.br\/index.php?rest_route=%2Fwp%2Fv2%2Fcomments&post=989"}],"version-history":[{"count":4,"href":"https:\/\/dannydemiranda.com.br\/index.php?rest_route=\/wp\/v2\/pages\/989\/revisions"}],"predecessor-version":[{"id":993,"href":"https:\/\/dannydemiranda.com.br\/index.php?rest_route=\/wp\/v2\/pages\/989\/revisions\/993"}],"wp:attachment":[{"href":"https:\/\/dannydemiranda.com.br\/index.php?rest_route=%2Fwp%2Fv2%2Fmedia&parent=989"}],"curies":[{"name":"wp","href":"https:\/\/api.w.org\/{rel}","templated":true}]}}