{"id":979,"date":"2026-02-18T11:47:56","date_gmt":"2026-02-18T14:47:56","guid":{"rendered":"https:\/\/dannydemiranda.com.br\/?page_id=979"},"modified":"2026-02-18T11:49:19","modified_gmt":"2026-02-18T14:49:19","slug":"golfe","status":"publish","type":"page","link":"https:\/\/dannydemiranda.com.br\/?page_id=979","title":{"rendered":"Golfe"},"content":{"rendered":"\t\t<div data-elementor-type=\"wp-page\" data-elementor-id=\"979\" class=\"elementor elementor-979\">\n\t\t\t\t<div class=\"elementor-element elementor-element-5fcd63d e-flex e-con-boxed e-con e-parent\" data-id=\"5fcd63d\" data-element_type=\"container\" data-e-type=\"container\">\n\t\t\t\t\t<div class=\"e-con-inner\">\n\t\t\t\t<div class=\"elementor-element elementor-element-58603a8 elementor-widget elementor-widget-text-editor\" data-id=\"58603a8\" data-element_type=\"widget\" data-e-type=\"widget\" data-widget_type=\"text-editor.default\">\n\t\t\t\t<div class=\"elementor-widget-container\">\n\t\t\t\t\t\t\t\t\t<p>(p\u00e1gina em constru\u00e7\u00e3o)<\/p>\t\t\t\t\t\t\t\t<\/div>\n\t\t\t\t<\/div>\n\t\t\t\t\t<\/div>\n\t\t\t\t<\/div>\n\t\t<div class=\"elementor-element elementor-element-ef02ffb e-flex e-con-boxed e-con e-parent\" data-id=\"ef02ffb\" data-element_type=\"container\" data-e-type=\"container\">\n\t\t\t\t\t<div class=\"e-con-inner\">\n\t\t<div class=\"elementor-element elementor-element-41bb457 e-con-full e-flex e-con e-child\" data-id=\"41bb457\" data-element_type=\"container\" data-e-type=\"container\">\n\t\t\t\t<\/div>\n\t\t<div class=\"elementor-element elementor-element-2beda34 e-con-full e-flex e-con e-child\" data-id=\"2beda34\" data-element_type=\"container\" data-e-type=\"container\">\n\t\t\t\t<div class=\"elementor-element elementor-element-e71d4a3 elementor-widget elementor-widget-video\" data-id=\"e71d4a3\" data-element_type=\"widget\" data-e-type=\"widget\" data-settings=\"{&quot;youtube_url&quot;:&quot;https:\\\/\\\/www.youtube.com\\\/watch?v=eLLeTfCIxss&quot;,&quot;video_type&quot;:&quot;youtube&quot;,&quot;controls&quot;:&quot;yes&quot;}\" data-widget_type=\"video.default\">\n\t\t\t\t<div class=\"elementor-widget-container\">\n\t\t\t\t\t\t\t<div class=\"elementor-wrapper elementor-open-inline\">\n\t\t\t<div class=\"elementor-video\"><\/div>\t\t<\/div>\n\t\t\t\t\t\t<\/div>\n\t\t\t\t<\/div>\n\t\t\t\t<\/div>\n\t\t<div class=\"elementor-element elementor-element-b93c779 e-con-full e-flex e-con e-child\" data-id=\"b93c779\" data-element_type=\"container\" data-e-type=\"container\">\n\t\t\t\t<\/div>\n\t\t\t\t\t<\/div>\n\t\t\t\t<\/div>\n\t\t\t\t<\/div>\n\t\t","protected":false},"excerpt":{"rendered":"<p>(p\u00e1gina em constru\u00e7\u00e3o) https:\/\/www.youtube.com\/watch?v=eLLeTfCIxss<\/p>\n","protected":false},"author":1,"featured_media":0,"parent":0,"menu_order":0,"comment_status":"closed","ping_status":"closed","template":"","meta":{"inspiro_hide_title":false,"footnotes":""},"class_list":["post-979","page","type-page","status-publish","hentry"],"_links":{"self":[{"href":"https:\/\/dannydemiranda.com.br\/index.php?rest_route=\/wp\/v2\/pages\/979","targetHints":{"allow":["GET"]}}],"collection":[{"href":"https:\/\/dannydemiranda.com.br\/index.php?rest_route=\/wp\/v2\/pages"}],"about":[{"href":"https:\/\/dannydemiranda.com.br\/index.php?rest_route=\/wp\/v2\/types\/page"}],"author":[{"embeddable":true,"href":"https:\/\/dannydemiranda.com.br\/index.php?rest_route=\/wp\/v2\/users\/1"}],"replies":[{"embeddable":true,"href":"https:\/\/dannydemiranda.com.br\/index.php?rest_route=%2Fwp%2Fv2%2Fcomments&post=979"}],"version-history":[{"count":4,"href":"https:\/\/dannydemiranda.com.br\/index.php?rest_route=\/wp\/v2\/pages\/979\/revisions"}],"predecessor-version":[{"id":983,"href":"https:\/\/dannydemiranda.com.br\/index.php?rest_route=\/wp\/v2\/pages\/979\/revisions\/983"}],"wp:attachment":[{"href":"https:\/\/dannydemiranda.com.br\/index.php?rest_route=%2Fwp%2Fv2%2Fmedia&parent=979"}],"curies":[{"name":"wp","href":"https:\/\/api.w.org\/{rel}","templated":true}]}}