{"id":49,"date":"2025-03-19T10:51:04","date_gmt":"2025-03-19T13:51:04","guid":{"rendered":"https:\/\/dannydemiranda.com.br\/?page_id=49"},"modified":"2025-12-23T16:25:24","modified_gmt":"2025-12-23T19:25:24","slug":"down-news","status":"publish","type":"page","link":"https:\/\/dannydemiranda.com.br\/?page_id=49","title":{"rendered":"Down News"},"content":{"rendered":"\t\t<div data-elementor-type=\"wp-page\" data-elementor-id=\"49\" class=\"elementor elementor-49\">\n\t\t\t\t<div class=\"elementor-element elementor-element-e090bc8 e-grid e-con-boxed e-con e-parent\" data-id=\"e090bc8\" data-element_type=\"container\" data-e-type=\"container\">\n\t\t\t\t\t<div class=\"e-con-inner\">\n\t\t\t\t<div class=\"elementor-element elementor-element-d339c11 elementor-widget elementor-widget-image\" data-id=\"d339c11\" data-element_type=\"widget\" data-e-type=\"widget\" data-widget_type=\"image.default\">\n\t\t\t\t<div class=\"elementor-widget-container\">\n\t\t\t\t\t\t\t\t\t\t\t\t\t\t\t\t<a href=\"http:\/\/dannydemiranda.com.br\/wp-content\/uploads\/2025\/03\/DownNews.jpg\" data-elementor-open-lightbox=\"yes\" data-elementor-lightbox-title=\"DownNews\" data-e-action-hash=\"#elementor-action%3Aaction%3Dlightbox%26settings%3DeyJpZCI6NTIsInVybCI6Imh0dHBzOlwvXC9kYW5ueWRlbWlyYW5kYS5jb20uYnJcL3dwLWNvbnRlbnRcL3VwbG9hZHNcLzIwMjVcLzAzXC9Eb3duTmV3cy5qcGcifQ%3D%3D\">\n\t\t\t\t\t\t\t<img fetchpriority=\"high\" decoding=\"async\" width=\"950\" height=\"534\" src=\"https:\/\/dannydemiranda.com.br\/wp-content\/uploads\/2025\/03\/DownNews-1024x576.jpg\" class=\"attachment-large size-large wp-image-52\" alt=\"\" srcset=\"https:\/\/dannydemiranda.com.br\/wp-content\/uploads\/2025\/03\/DownNews-1024x576.jpg 1024w, https:\/\/dannydemiranda.com.br\/wp-content\/uploads\/2025\/03\/DownNews-300x169.jpg 300w, https:\/\/dannydemiranda.com.br\/wp-content\/uploads\/2025\/03\/DownNews-1536x864.jpg 1536w, https:\/\/dannydemiranda.com.br\/wp-content\/uploads\/2025\/03\/DownNews.jpg 1920w\" sizes=\"100vw\" \/>\t\t\t\t\t\t\t\t<\/a>\n\t\t\t\t\t\t\t\t\t\t\t\t\t\t\t<\/div>\n\t\t\t\t<\/div>\n\t\t\t\t<div class=\"elementor-element elementor-element-d5eb91d elementor-widget elementor-widget-image\" data-id=\"d5eb91d\" data-element_type=\"widget\" data-e-type=\"widget\" data-widget_type=\"image.default\">\n\t\t\t\t<div class=\"elementor-widget-container\">\n\t\t\t\t\t\t\t\t\t\t\t\t\t\t\t\t<a href=\"http:\/\/dannydemiranda.com.br\/wp-content\/uploads\/2025\/03\/Liana-John-Daniel-Down-News.png\" data-elementor-open-lightbox=\"yes\" data-elementor-lightbox-title=\"Liana-John-Daniel-Down-News\" data-e-action-hash=\"#elementor-action%3Aaction%3Dlightbox%26settings%3DeyJpZCI6NTMsInVybCI6Imh0dHBzOlwvXC9kYW5ueWRlbWlyYW5kYS5jb20uYnJcL3dwLWNvbnRlbnRcL3VwbG9hZHNcLzIwMjVcLzAzXC9MaWFuYS1Kb2huLURhbmllbC1Eb3duLU5ld3MucG5nIn0%3D\">\n\t\t\t\t\t\t\t<img decoding=\"async\" width=\"640\" height=\"360\" src=\"https:\/\/dannydemiranda.com.br\/wp-content\/uploads\/2025\/03\/Liana-John-Daniel-Down-News.png\" class=\"attachment-large size-large wp-image-53\" alt=\"\" srcset=\"https:\/\/dannydemiranda.com.br\/wp-content\/uploads\/2025\/03\/Liana-John-Daniel-Down-News.png 640w, https:\/\/dannydemiranda.com.br\/wp-content\/uploads\/2025\/03\/Liana-John-Daniel-Down-News-300x169.png 300w\" sizes=\"100vw\" \/>\t\t\t\t\t\t\t\t<\/a>\n\t\t\t\t\t\t\t\t\t\t\t\t\t\t\t<\/div>\n\t\t\t\t<\/div>\n\t\t\t\t\t<\/div>\n\t\t\t\t<\/div>\n\t\t<div class=\"elementor-element elementor-element-70a62d7 e-flex e-con-boxed e-con e-parent\" data-id=\"70a62d7\" data-element_type=\"container\" data-e-type=\"container\">\n\t\t\t\t\t<div class=\"e-con-inner\">\n\t\t\t\t<div class=\"elementor-element elementor-element-9c26b88 elementor-widget elementor-widget-text-editor\" data-id=\"9c26b88\" data-element_type=\"widget\" data-e-type=\"widget\" data-widget_type=\"text-editor.default\">\n\t\t\t\t<div class=\"elementor-widget-container\">\n\t\t\t\t\t\t\t\t\t<p>Down News \u00e9 um canal de not\u00edcias especiais, criado por Danny de Miranda, uma pessoa com s\u00edndrome de Down, que mostra tudo o que uma pessoa com Down \u00e9 capaz de fazer, e por sua falecida m\u00e3e <a href=\"https:\/\/pt.wikipedia.org\/wiki\/Liana_John\" target=\"_blank\" rel=\"noopener\">Liana John<\/a>.<\/p><p>Apresentando sempre coisas do seu dia a dia e de outras pessoas com a s\u00edndrome, trabalho, educa\u00e7\u00e3o, inclus\u00e3o, capacidade, supera\u00e7\u00e3o e como o respeito deve ser maior que o preconceito e n\u00e3o devemos duvidar de suas capacidades. Com programas curtos sobre a inclus\u00e3o e contra o preconceito, Danny mostra um pouco de seu dia a dia sem limita\u00e7\u00f5es! Moda, culin\u00e1ria, beleza, esportes, aventura, viagens, inclus\u00e3o, trabalho, educa\u00e7\u00e3o e muito mais!<\/p><p><a href=\"https:\/\/www.youtube.com\/@DownNews21\" target=\"_blank\" rel=\"noopener\">Confira mais acessando o canal Down News!<\/a><\/p>\t\t\t\t\t\t\t\t<\/div>\n\t\t\t\t<\/div>\n\t\t\t\t\t<\/div>\n\t\t\t\t<\/div>\n\t\t<div class=\"elementor-element elementor-element-3fd9f7f e-flex e-con-boxed e-con e-parent\" data-id=\"3fd9f7f\" data-element_type=\"container\" data-e-type=\"container\">\n\t\t\t\t\t<div class=\"e-con-inner\">\n\t\t<div class=\"elementor-element elementor-element-0983f1c e-con-full e-flex e-con e-child\" data-id=\"0983f1c\" data-element_type=\"container\" data-e-type=\"container\">\n\t\t\t\t<\/div>\n\t\t<div class=\"elementor-element elementor-element-714dd68 e-con-full e-flex e-con e-child\" data-id=\"714dd68\" data-element_type=\"container\" data-e-type=\"container\">\n\t\t\t\t<div class=\"elementor-element elementor-element-1887429 elementor-widget elementor-widget-video\" data-id=\"1887429\" data-element_type=\"widget\" data-e-type=\"widget\" data-settings=\"{&quot;youtube_url&quot;:&quot;https:\\\/\\\/www.youtube.com\\\/watch?v=YN553FOfTwo&quot;,&quot;video_type&quot;:&quot;youtube&quot;,&quot;controls&quot;:&quot;yes&quot;}\" data-widget_type=\"video.default\">\n\t\t\t\t<div class=\"elementor-widget-container\">\n\t\t\t\t\t\t\t<div class=\"elementor-wrapper elementor-open-inline\">\n\t\t\t<div class=\"elementor-video\"><\/div>\t\t<\/div>\n\t\t\t\t\t\t<\/div>\n\t\t\t\t<\/div>\n\t\t\t\t<\/div>\n\t\t<div class=\"elementor-element elementor-element-dad6114 e-con-full e-flex e-con e-child\" data-id=\"dad6114\" data-element_type=\"container\" data-e-type=\"container\">\n\t\t\t\t<\/div>\n\t\t\t\t\t<\/div>\n\t\t\t\t<\/div>\n\t\t\t\t<\/div>\n\t\t","protected":false},"excerpt":{"rendered":"<p>Down News \u00e9 um canal de not\u00edcias especiais, criado por Danny de Miranda, uma pessoa com s\u00edndrome de Down, que mostra tudo o que uma pessoa com Down \u00e9 capaz de fazer, e por sua falecida m\u00e3e Liana John. Apresentando sempre coisas do seu dia a dia e de outras pessoas com a s\u00edndrome, trabalho, &hellip; <\/p>\n<p class=\"link-more\"><a href=\"https:\/\/dannydemiranda.com.br\/?page_id=49\" class=\"more-link\">Read more<span class=\"screen-reader-text\"> &#8220;Down News&#8221;<\/span><\/a><\/p>\n","protected":false},"author":1,"featured_media":0,"parent":0,"menu_order":0,"comment_status":"closed","ping_status":"closed","template":"","meta":{"inspiro_hide_title":false,"footnotes":""},"class_list":["post-49","page","type-page","status-publish","hentry"],"_links":{"self":[{"href":"https:\/\/dannydemiranda.com.br\/index.php?rest_route=\/wp\/v2\/pages\/49","targetHints":{"allow":["GET"]}}],"collection":[{"href":"https:\/\/dannydemiranda.com.br\/index.php?rest_route=\/wp\/v2\/pages"}],"about":[{"href":"https:\/\/dannydemiranda.com.br\/index.php?rest_route=\/wp\/v2\/types\/page"}],"author":[{"embeddable":true,"href":"https:\/\/dannydemiranda.com.br\/index.php?rest_route=\/wp\/v2\/users\/1"}],"replies":[{"embeddable":true,"href":"https:\/\/dannydemiranda.com.br\/index.php?rest_route=%2Fwp%2Fv2%2Fcomments&post=49"}],"version-history":[{"count":22,"href":"https:\/\/dannydemiranda.com.br\/index.php?rest_route=\/wp\/v2\/pages\/49\/revisions"}],"predecessor-version":[{"id":661,"href":"https:\/\/dannydemiranda.com.br\/index.php?rest_route=\/wp\/v2\/pages\/49\/revisions\/661"}],"wp:attachment":[{"href":"https:\/\/dannydemiranda.com.br\/index.php?rest_route=%2Fwp%2Fv2%2Fmedia&parent=49"}],"curies":[{"name":"wp","href":"https:\/\/api.w.org\/{rel}","templated":true}]}}