{"id":251,"date":"2025-12-09T10:32:19","date_gmt":"2025-12-09T13:32:19","guid":{"rendered":"https:\/\/dannydemiranda.com.br\/?page_id=251"},"modified":"2025-12-23T11:52:43","modified_gmt":"2025-12-23T14:52:43","slug":"certificados","status":"publish","type":"page","link":"https:\/\/dannydemiranda.com.br\/?page_id=251","title":{"rendered":"Certificados"},"content":{"rendered":"\t\t<div data-elementor-type=\"wp-page\" data-elementor-id=\"251\" class=\"elementor elementor-251\">\n\t\t\t\t<div class=\"elementor-element elementor-element-1e51ba4 e-flex e-con-boxed e-con e-parent\" data-id=\"1e51ba4\" data-element_type=\"container\" data-e-type=\"container\">\n\t\t\t\t\t<div class=\"e-con-inner\">\n\t\t\t\t<div class=\"elementor-element elementor-element-85e6c2d elementor-widget elementor-widget-text-editor\" data-id=\"85e6c2d\" data-element_type=\"widget\" data-e-type=\"widget\" data-widget_type=\"text-editor.default\">\n\t\t\t\t<div class=\"elementor-widget-container\">\n\t\t\t\t\t\t\t\t\t<p>Ao longo de sua trajet\u00f3ria, Danny acumulou certificados de cursos profissionalizantes, participa\u00e7\u00f5es e conquistas esportivas. Veja abaixo alguns deles.\u00a0<\/p>\t\t\t\t\t\t\t\t<\/div>\n\t\t\t\t<\/div>\n\t\t\t\t<div class=\"elementor-element elementor-element-7a8795d elementor-widget elementor-widget-text-editor\" data-id=\"7a8795d\" data-element_type=\"widget\" data-e-type=\"widget\" data-widget_type=\"text-editor.default\">\n\t\t\t\t<div class=\"elementor-widget-container\">\n\t\t\t\t\t\t\t\t\t<h3>Dan\u00e7a<\/h3>\t\t\t\t\t\t\t\t<\/div>\n\t\t\t\t<\/div>\n\t\t\t\t<div class=\"elementor-element elementor-element-bf6d523 elementor-widget elementor-widget-text-editor\" data-id=\"bf6d523\" data-element_type=\"widget\" data-e-type=\"widget\" data-widget_type=\"text-editor.default\">\n\t\t\t\t<div class=\"elementor-widget-container\">\n\t\t\t\t\t\t\t\t\t<p>Danny recebeu o certificado de Dan\u00e7a, resultado de sua participa\u00e7\u00e3o consistente, aprimoramento t\u00e9cnico e envolvimento nas pr\u00e1ticas coreogr\u00e1ficas propostas, comprovando seu desempenho e progresso nas aulas, bem como seu interesse pelo desenvolvimento art\u00edstico.<\/p>\t\t\t\t\t\t\t\t<\/div>\n\t\t\t\t<\/div>\n\t\t\t\t\t<\/div>\n\t\t\t\t<\/div>\n\t\t<div class=\"elementor-element elementor-element-35cd253 e-flex e-con-boxed e-con e-parent\" data-id=\"35cd253\" data-element_type=\"container\" data-e-type=\"container\">\n\t\t\t\t\t<div class=\"e-con-inner\">\n\t\t<div class=\"elementor-element elementor-element-0af3d9d e-con-full e-flex e-con e-child\" data-id=\"0af3d9d\" data-element_type=\"container\" data-e-type=\"container\">\n\t\t\t\t<div class=\"elementor-element elementor-element-f803208 elementor-widget elementor-widget-video\" data-id=\"f803208\" data-element_type=\"widget\" data-e-type=\"widget\" data-settings=\"{&quot;youtube_url&quot;:&quot;https:\\\/\\\/www.youtube.com\\\/watch?v=DDm8VW32dgY&quot;,&quot;video_type&quot;:&quot;youtube&quot;,&quot;controls&quot;:&quot;yes&quot;}\" data-widget_type=\"video.default\">\n\t\t\t\t<div class=\"elementor-widget-container\">\n\t\t\t\t\t\t\t<div class=\"elementor-wrapper elementor-open-inline\">\n\t\t\t<div class=\"elementor-video\"><\/div>\t\t<\/div>\n\t\t\t\t\t\t<\/div>\n\t\t\t\t<\/div>\n\t\t\t\t<\/div>\n\t\t<div class=\"elementor-element elementor-element-11e2345 e-con-full e-flex e-con e-child\" data-id=\"11e2345\" data-element_type=\"container\" data-e-type=\"container\">\n\t\t\t\t<div class=\"elementor-element elementor-element-e8cd407 elementor-widget__width-initial elementor-widget elementor-widget-image\" data-id=\"e8cd407\" data-element_type=\"widget\" data-e-type=\"widget\" data-widget_type=\"image.default\">\n\t\t\t\t<div class=\"elementor-widget-container\">\n\t\t\t\t\t\t\t\t\t\t\t\t\t\t\t\t<a href=\"http:\/\/dannydemiranda.com.br\/wp-content\/uploads\/2025\/12\/CERTIFICADO-DE-DANC\u0327A.pdf\" target=\"_blank\">\n\t\t\t\t\t\t\t<img fetchpriority=\"high\" decoding=\"async\" width=\"950\" height=\"639\" src=\"https:\/\/dannydemiranda.com.br\/wp-content\/uploads\/2025\/12\/CERTIFICADO-DE-DANC\u0327A-1024x689.png\" class=\"attachment-large size-large wp-image-285\" alt=\"\" srcset=\"https:\/\/dannydemiranda.com.br\/wp-content\/uploads\/2025\/12\/CERTIFICADO-DE-DANC\u0327A-1024x689.png 1024w, https:\/\/dannydemiranda.com.br\/wp-content\/uploads\/2025\/12\/CERTIFICADO-DE-DANC\u0327A-300x202.png 300w, https:\/\/dannydemiranda.com.br\/wp-content\/uploads\/2025\/12\/CERTIFICADO-DE-DANC\u0327A.png 1115w\" sizes=\"100vw\" \/>\t\t\t\t\t\t\t\t<\/a>\n\t\t\t\t\t\t\t\t\t\t\t\t\t\t\t<\/div>\n\t\t\t\t<\/div>\n\t\t\t\t<\/div>\n\t\t<div class=\"elementor-element elementor-element-c95c1fa e-con-full e-flex e-con e-child\" data-id=\"c95c1fa\" data-element_type=\"container\" data-e-type=\"container\">\n\t\t\t\t<div class=\"elementor-element elementor-element-425a964 elementor-widget elementor-widget-video\" data-id=\"425a964\" data-element_type=\"widget\" data-e-type=\"widget\" data-settings=\"{&quot;youtube_url&quot;:&quot;https:\\\/\\\/www.youtube.com\\\/watch?v=x_X3Jf_GN0w&quot;,&quot;video_type&quot;:&quot;youtube&quot;,&quot;controls&quot;:&quot;yes&quot;}\" data-widget_type=\"video.default\">\n\t\t\t\t<div class=\"elementor-widget-container\">\n\t\t\t\t\t\t\t<div class=\"elementor-wrapper elementor-open-inline\">\n\t\t\t<div class=\"elementor-video\"><\/div>\t\t<\/div>\n\t\t\t\t\t\t<\/div>\n\t\t\t\t<\/div>\n\t\t\t\t<\/div>\n\t\t\t\t\t<\/div>\n\t\t\t\t<\/div>\n\t\t<div class=\"elementor-element elementor-element-271a481 e-flex e-con-boxed e-con e-parent\" data-id=\"271a481\" data-element_type=\"container\" data-e-type=\"container\">\n\t\t\t\t\t<div class=\"e-con-inner\">\n\t\t\t\t<div class=\"elementor-element elementor-element-d19a6d5 elementor-widget elementor-widget-text-editor\" data-id=\"d19a6d5\" data-element_type=\"widget\" data-e-type=\"widget\" data-widget_type=\"text-editor.default\">\n\t\t\t\t<div class=\"elementor-widget-container\">\n\t\t\t\t\t\t\t\t\t<h3><span style=\"color: #ffffff;\">Telecamp Telef\u00e9rias<\/span><\/h3>\t\t\t\t\t\t\t\t<\/div>\n\t\t\t\t<\/div>\n\t\t\t\t<div class=\"elementor-element elementor-element-081d4d4 elementor-widget elementor-widget-text-editor\" data-id=\"081d4d4\" data-element_type=\"widget\" data-e-type=\"widget\" data-widget_type=\"text-editor.default\">\n\t\t\t\t<div class=\"elementor-widget-container\">\n\t\t\t\t\t\t\t\t\t<p>Danny participou como monitor e fot\u00f3grafo na Col\u00f4nia de F\u00e9rias da Telecamp Telef\u00e9rias em duas ocasi\u00f5es no ano de 2019 e novamente em 2022, desempenhando fun\u00e7\u00f5es de apoio \u00e0s atividades educativas e esportivas, al\u00e9m de realizar a cobertura fotogr\u00e1fica das programa\u00e7\u00f5es.\u00a0<\/p>\t\t\t\t\t\t\t\t<\/div>\n\t\t\t\t<\/div>\n\t\t\t\t\t<\/div>\n\t\t\t\t<\/div>\n\t\t<div class=\"elementor-element elementor-element-cec99a3 e-flex e-con-boxed e-con e-parent\" data-id=\"cec99a3\" data-element_type=\"container\" data-e-type=\"container\">\n\t\t\t\t\t<div class=\"e-con-inner\">\n\t\t<div class=\"elementor-element elementor-element-38e10f4 e-con-full e-flex e-con e-child\" data-id=\"38e10f4\" data-element_type=\"container\" data-e-type=\"container\">\n\t\t\t\t<div class=\"elementor-element elementor-element-40dbbb5 elementor-widget elementor-widget-image\" data-id=\"40dbbb5\" data-element_type=\"widget\" data-e-type=\"widget\" data-widget_type=\"image.default\">\n\t\t\t\t<div class=\"elementor-widget-container\">\n\t\t\t\t\t\t\t\t\t\t\t\t\t\t\t\t<a href=\"http:\/\/dannydemiranda.com.br\/wp-content\/uploads\/2025\/12\/Certificado-Telecamp-Janeiro-2019.pdf\" target=\"_blank\">\n\t\t\t\t\t\t\t<img decoding=\"async\" width=\"525\" height=\"695\" src=\"https:\/\/dannydemiranda.com.br\/wp-content\/uploads\/2025\/12\/Certificado-Telecamp-Janeiro-2019.png\" class=\"attachment-large size-large wp-image-253\" alt=\"\" srcset=\"https:\/\/dannydemiranda.com.br\/wp-content\/uploads\/2025\/12\/Certificado-Telecamp-Janeiro-2019.png 525w, https:\/\/dannydemiranda.com.br\/wp-content\/uploads\/2025\/12\/Certificado-Telecamp-Janeiro-2019-227x300.png 227w\" sizes=\"100vw\" \/>\t\t\t\t\t\t\t\t<\/a>\n\t\t\t\t\t\t\t\t\t\t\t\t\t\t\t<\/div>\n\t\t\t\t<\/div>\n\t\t\t\t<\/div>\n\t\t<div class=\"elementor-element elementor-element-e98f603 e-con-full e-flex e-con e-child\" data-id=\"e98f603\" data-element_type=\"container\" data-e-type=\"container\">\n\t\t\t\t<div class=\"elementor-element elementor-element-3b8bf38 elementor-widget__width-initial elementor-widget elementor-widget-image\" data-id=\"3b8bf38\" data-element_type=\"widget\" data-e-type=\"widget\" data-widget_type=\"image.default\">\n\t\t\t\t<div class=\"elementor-widget-container\">\n\t\t\t\t\t\t\t\t\t\t\t\t\t\t\t\t<a href=\"http:\/\/dannydemiranda.com.br\/wp-content\/uploads\/2025\/12\/Certificado-Telecamp-Julho-2019.pdf\" target=\"_blank\">\n\t\t\t\t\t\t\t<img decoding=\"async\" width=\"611\" height=\"816\" src=\"https:\/\/dannydemiranda.com.br\/wp-content\/uploads\/2025\/12\/Certificado-Telecamp-Julho-2019.png\" class=\"attachment-large size-large wp-image-254\" alt=\"\" srcset=\"https:\/\/dannydemiranda.com.br\/wp-content\/uploads\/2025\/12\/Certificado-Telecamp-Julho-2019.png 611w, https:\/\/dannydemiranda.com.br\/wp-content\/uploads\/2025\/12\/Certificado-Telecamp-Julho-2019-225x300.png 225w\" sizes=\"100vw\" \/>\t\t\t\t\t\t\t\t<\/a>\n\t\t\t\t\t\t\t\t\t\t\t\t\t\t\t<\/div>\n\t\t\t\t<\/div>\n\t\t\t\t<\/div>\n\t\t<div class=\"elementor-element elementor-element-03da97a e-con-full e-flex e-con e-child\" data-id=\"03da97a\" data-element_type=\"container\" data-e-type=\"container\">\n\t\t\t\t<div class=\"elementor-element elementor-element-c3e2204 elementor-widget__width-initial elementor-widget elementor-widget-image\" data-id=\"c3e2204\" data-element_type=\"widget\" data-e-type=\"widget\" data-widget_type=\"image.default\">\n\t\t\t\t<div class=\"elementor-widget-container\">\n\t\t\t\t\t\t\t\t\t\t\t\t\t\t\t\t<a href=\"http:\/\/dannydemiranda.com.br\/wp-content\/uploads\/2025\/12\/Certificado-Telecamp-Julho-2022.pdf\" target=\"_blank\">\n\t\t\t\t\t\t\t<img loading=\"lazy\" decoding=\"async\" width=\"525\" height=\"756\" src=\"https:\/\/dannydemiranda.com.br\/wp-content\/uploads\/2025\/12\/Certificado-Telecamp-Julho-2022.png\" class=\"attachment-large size-large wp-image-255\" alt=\"\" srcset=\"https:\/\/dannydemiranda.com.br\/wp-content\/uploads\/2025\/12\/Certificado-Telecamp-Julho-2022.png 525w, https:\/\/dannydemiranda.com.br\/wp-content\/uploads\/2025\/12\/Certificado-Telecamp-Julho-2022-208x300.png 208w\" sizes=\"100vw\" \/>\t\t\t\t\t\t\t\t<\/a>\n\t\t\t\t\t\t\t\t\t\t\t\t\t\t\t<\/div>\n\t\t\t\t<\/div>\n\t\t\t\t<\/div>\n\t\t\t\t\t<\/div>\n\t\t\t\t<\/div>\n\t\t<div class=\"elementor-element elementor-element-ff1d8bf e-flex e-con-boxed e-con e-parent\" data-id=\"ff1d8bf\" data-element_type=\"container\" data-e-type=\"container\">\n\t\t\t\t\t<div class=\"e-con-inner\">\n\t\t\t\t<div class=\"elementor-element elementor-element-b68b978 elementor-widget elementor-widget-text-editor\" data-id=\"b68b978\" data-element_type=\"widget\" data-e-type=\"widget\" data-widget_type=\"text-editor.default\">\n\t\t\t\t<div class=\"elementor-widget-container\">\n\t\t\t\t\t\t\t\t\t<h3>T\u00eanis<\/h3>\t\t\t\t\t\t\t\t<\/div>\n\t\t\t\t<\/div>\n\t\t\t\t<div class=\"elementor-element elementor-element-b1ea13c elementor-widget elementor-widget-text-editor\" data-id=\"b1ea13c\" data-element_type=\"widget\" data-e-type=\"widget\" data-widget_type=\"text-editor.default\">\n\t\t\t\t<div class=\"elementor-widget-container\">\n\t\t\t\t\t\t\t\t\t<p>Em dezembro de 2022, Danny foi diplomado no n\u00edvel iniciante de T\u00eanis, obtendo excelente m\u00e9rito por seu desempenho. Desde ent\u00e3o, continua aprimorando suas habilidades e participa de aulas semanais at\u00e9 os dias atuais.<\/p>\t\t\t\t\t\t\t\t<\/div>\n\t\t\t\t<\/div>\n\t\t\t\t\t<\/div>\n\t\t\t\t<\/div>\n\t\t<div class=\"elementor-element elementor-element-4bf1ba4 e-flex e-con-boxed e-con e-parent\" data-id=\"4bf1ba4\" data-element_type=\"container\" data-e-type=\"container\">\n\t\t\t\t\t<div class=\"e-con-inner\">\n\t\t<div class=\"elementor-element elementor-element-a13e9c5 e-con-full e-flex e-con e-child\" data-id=\"a13e9c5\" data-element_type=\"container\" data-e-type=\"container\">\n\t\t\t\t<div class=\"elementor-element elementor-element-e72d536 elementor-widget__width-initial elementor-widget elementor-widget-image\" data-id=\"e72d536\" data-element_type=\"widget\" data-e-type=\"widget\" data-widget_type=\"image.default\">\n\t\t\t\t<div class=\"elementor-widget-container\">\n\t\t\t\t\t\t\t\t\t\t\t\t\t\t\t\t<a href=\"http:\/\/dannydemiranda.com.br\/wp-content\/uploads\/2025\/12\/DIPLOMA-DE-TE\u0302NIS.pdf\" target=\"_blank\">\n\t\t\t\t\t\t\t<img loading=\"lazy\" decoding=\"async\" width=\"950\" height=\"636\" src=\"https:\/\/dannydemiranda.com.br\/wp-content\/uploads\/2025\/12\/DIPLOMA-DE-TE\u0302NIS-1024x686.png\" class=\"attachment-large size-large wp-image-280\" alt=\"\" srcset=\"https:\/\/dannydemiranda.com.br\/wp-content\/uploads\/2025\/12\/DIPLOMA-DE-TE\u0302NIS-1024x686.png 1024w, https:\/\/dannydemiranda.com.br\/wp-content\/uploads\/2025\/12\/DIPLOMA-DE-TE\u0302NIS-300x201.png 300w, https:\/\/dannydemiranda.com.br\/wp-content\/uploads\/2025\/12\/DIPLOMA-DE-TE\u0302NIS.png 1123w\" sizes=\"100vw\" \/>\t\t\t\t\t\t\t\t<\/a>\n\t\t\t\t\t\t\t\t\t\t\t\t\t\t\t<\/div>\n\t\t\t\t<\/div>\n\t\t\t\t<\/div>\n\t\t<div class=\"elementor-element elementor-element-4fb4af4 e-con-full e-flex e-con e-child\" data-id=\"4fb4af4\" data-element_type=\"container\" data-e-type=\"container\">\n\t\t\t\t<div class=\"elementor-element elementor-element-0e97508 elementor-widget elementor-widget-video\" data-id=\"0e97508\" data-element_type=\"widget\" data-e-type=\"widget\" data-settings=\"{&quot;youtube_url&quot;:&quot;https:\\\/\\\/www.youtube.com\\\/watch?v=CsI7amg893o&amp;t=4s&quot;,&quot;video_type&quot;:&quot;youtube&quot;,&quot;controls&quot;:&quot;yes&quot;}\" data-widget_type=\"video.default\">\n\t\t\t\t<div class=\"elementor-widget-container\">\n\t\t\t\t\t\t\t<div class=\"elementor-wrapper elementor-open-inline\">\n\t\t\t<div class=\"elementor-video\"><\/div>\t\t<\/div>\n\t\t\t\t\t\t<\/div>\n\t\t\t\t<\/div>\n\t\t\t\t<\/div>\n\t\t\t\t\t<\/div>\n\t\t\t\t<\/div>\n\t\t<div class=\"elementor-element elementor-element-59cb893 e-flex e-con-boxed e-con e-parent\" data-id=\"59cb893\" data-element_type=\"container\" data-e-type=\"container\">\n\t\t\t\t\t<div class=\"e-con-inner\">\n\t\t\t\t<div class=\"elementor-element elementor-element-6910c1c elementor-widget elementor-widget-text-editor\" data-id=\"6910c1c\" data-element_type=\"widget\" data-e-type=\"widget\" data-widget_type=\"text-editor.default\">\n\t\t\t\t<div class=\"elementor-widget-container\">\n\t\t\t\t\t\t\t\t\t<h3>Aquarela\u00a0<\/h3>\t\t\t\t\t\t\t\t<\/div>\n\t\t\t\t<\/div>\n\t\t\t\t\t<\/div>\n\t\t\t\t<\/div>\n\t\t<div class=\"elementor-element elementor-element-306e8be e-flex e-con-boxed e-con e-parent\" data-id=\"306e8be\" data-element_type=\"container\" data-e-type=\"container\">\n\t\t\t\t\t<div class=\"e-con-inner\">\n\t\t\t\t<div class=\"elementor-element elementor-element-c2cd46b elementor-widget elementor-widget-text-editor\" data-id=\"c2cd46b\" data-element_type=\"widget\" data-e-type=\"widget\" data-widget_type=\"text-editor.default\">\n\t\t\t\t<div class=\"elementor-widget-container\">\n\t\t\t\t\t\t\t\t\t<p>Em 2020, Danny recebeu o certificado de 1\u00ba n\u00edvel do curso de aquarela realizado no Sonia Scalabrin Ateli\u00ea, onde desenvolveu t\u00e9cnicas fundamentais de pintura e aprimorou sua express\u00e3o art\u00edstica.<\/p>\t\t\t\t\t\t\t\t<\/div>\n\t\t\t\t<\/div>\n\t\t\t\t\t<\/div>\n\t\t\t\t<\/div>\n\t\t<div class=\"elementor-element elementor-element-83e23b8 e-flex e-con-boxed e-con e-parent\" data-id=\"83e23b8\" data-element_type=\"container\" data-e-type=\"container\">\n\t\t\t\t\t<div class=\"e-con-inner\">\n\t\t<div class=\"elementor-element elementor-element-132dce3 e-con-full e-flex e-con e-child\" data-id=\"132dce3\" data-element_type=\"container\" data-e-type=\"container\">\n\t\t\t\t<\/div>\n\t\t<div class=\"elementor-element elementor-element-57fffd8 e-con-full e-flex e-con e-child\" data-id=\"57fffd8\" data-element_type=\"container\" data-e-type=\"container\">\n\t\t\t\t<div class=\"elementor-element elementor-element-64064b1 elementor-widget elementor-widget-image\" data-id=\"64064b1\" data-element_type=\"widget\" data-e-type=\"widget\" data-widget_type=\"image.default\">\n\t\t\t\t<div class=\"elementor-widget-container\">\n\t\t\t\t\t\t\t\t\t\t\t\t\t\t\t\t<a href=\"http:\/\/dannydemiranda.com.br\/wp-content\/uploads\/2025\/12\/Certificado-Aquarela.pdf\" target=\"_blank\">\n\t\t\t\t\t\t\t<img loading=\"lazy\" decoding=\"async\" width=\"585\" height=\"802\" src=\"https:\/\/dannydemiranda.com.br\/wp-content\/uploads\/2025\/12\/Certificado-Aquarela.png\" class=\"attachment-large size-large wp-image-270\" alt=\"\" srcset=\"https:\/\/dannydemiranda.com.br\/wp-content\/uploads\/2025\/12\/Certificado-Aquarela.png 585w, https:\/\/dannydemiranda.com.br\/wp-content\/uploads\/2025\/12\/Certificado-Aquarela-219x300.png 219w\" sizes=\"100vw\" \/>\t\t\t\t\t\t\t\t<\/a>\n\t\t\t\t\t\t\t\t\t\t\t\t\t\t\t<\/div>\n\t\t\t\t<\/div>\n\t\t\t\t<\/div>\n\t\t<div class=\"elementor-element elementor-element-39c628f e-con-full e-flex e-con e-child\" data-id=\"39c628f\" data-element_type=\"container\" data-e-type=\"container\">\n\t\t\t\t<\/div>\n\t\t\t\t\t<\/div>\n\t\t\t\t<\/div>\n\t\t<div class=\"elementor-element elementor-element-ca26ead e-flex e-con-boxed e-con e-parent\" data-id=\"ca26ead\" data-element_type=\"container\" data-e-type=\"container\">\n\t\t\t\t\t<div class=\"e-con-inner\">\n\t\t\t\t<div class=\"elementor-element elementor-element-4af4ffb elementor-widget elementor-widget-text-editor\" data-id=\"4af4ffb\" data-element_type=\"widget\" data-e-type=\"widget\" data-widget_type=\"text-editor.default\">\n\t\t\t\t<div class=\"elementor-widget-container\">\n\t\t\t\t\t\t\t\t\t<h3>Ilustra\u00e7\u00e3o<\/h3>\t\t\t\t\t\t\t\t<\/div>\n\t\t\t\t<\/div>\n\t\t\t\t\t<\/div>\n\t\t\t\t<\/div>\n\t\t<div class=\"elementor-element elementor-element-96e71cd e-flex e-con-boxed e-con e-parent\" data-id=\"96e71cd\" data-element_type=\"container\" data-e-type=\"container\">\n\t\t\t\t\t<div class=\"e-con-inner\">\n\t\t\t\t<div class=\"elementor-element elementor-element-5457d29 elementor-widget elementor-widget-text-editor\" data-id=\"5457d29\" data-element_type=\"widget\" data-e-type=\"widget\" data-widget_type=\"text-editor.default\">\n\t\t\t\t<div class=\"elementor-widget-container\">\n\t\t\t\t\t\t\t\t\t<p>No per\u00edodo de abril de 2018 a novembro de 2019, Danny concluiu o curso de ilustra\u00e7\u00e3o na Pandora Escola de Arte, ampliando seus conhecimentos em t\u00e9cnicas de desenho, narrativa visual e desenvolvimento de personagens.<\/p>\t\t\t\t\t\t\t\t<\/div>\n\t\t\t\t<\/div>\n\t\t\t\t\t<\/div>\n\t\t\t\t<\/div>\n\t\t<div class=\"elementor-element elementor-element-ab7c7a8 e-flex e-con-boxed e-con e-parent\" data-id=\"ab7c7a8\" data-element_type=\"container\" data-e-type=\"container\">\n\t\t\t\t\t<div class=\"e-con-inner\">\n\t\t<div class=\"elementor-element elementor-element-36a76d3 e-con-full e-flex e-con e-child\" data-id=\"36a76d3\" data-element_type=\"container\" data-e-type=\"container\">\n\t\t\t\t<\/div>\n\t\t<div class=\"elementor-element elementor-element-a681927 e-con-full e-flex e-con e-child\" data-id=\"a681927\" data-element_type=\"container\" data-e-type=\"container\">\n\t\t\t\t<div class=\"elementor-element elementor-element-54f6b52 elementor-widget elementor-widget-image\" data-id=\"54f6b52\" data-element_type=\"widget\" data-e-type=\"widget\" data-widget_type=\"image.default\">\n\t\t\t\t<div class=\"elementor-widget-container\">\n\t\t\t\t\t\t\t\t\t\t\t\t\t\t\t\t<a href=\"http:\/\/dannydemiranda.com.br\/wp-content\/uploads\/2025\/12\/Certificado-Pandora-Escola-de-Arte.pdf\" target=\"_blank\">\n\t\t\t\t\t\t\t<img loading=\"lazy\" decoding=\"async\" width=\"950\" height=\"642\" src=\"https:\/\/dannydemiranda.com.br\/wp-content\/uploads\/2025\/12\/Certificado-Pandora-Escola-de-Arte.png\" class=\"attachment-large size-large wp-image-275\" alt=\"\" srcset=\"https:\/\/dannydemiranda.com.br\/wp-content\/uploads\/2025\/12\/Certificado-Pandora-Escola-de-Arte.png 1021w, https:\/\/dannydemiranda.com.br\/wp-content\/uploads\/2025\/12\/Certificado-Pandora-Escola-de-Arte-300x203.png 300w\" sizes=\"100vw\" \/>\t\t\t\t\t\t\t\t<\/a>\n\t\t\t\t\t\t\t\t\t\t\t\t\t\t\t<\/div>\n\t\t\t\t<\/div>\n\t\t\t\t<\/div>\n\t\t<div class=\"elementor-element elementor-element-d407688 e-con-full e-flex e-con e-child\" data-id=\"d407688\" data-element_type=\"container\" data-e-type=\"container\">\n\t\t\t\t<\/div>\n\t\t\t\t\t<\/div>\n\t\t\t\t<\/div>\n\t\t\t\t<\/div>\n\t\t","protected":false},"excerpt":{"rendered":"<p>Ao longo de sua trajet\u00f3ria, Danny acumulou certificados de cursos profissionalizantes, participa\u00e7\u00f5es e conquistas esportivas. Veja abaixo alguns deles.\u00a0 Dan\u00e7a Danny recebeu o certificado de Dan\u00e7a, resultado de sua participa\u00e7\u00e3o consistente, aprimoramento t\u00e9cnico e envolvimento nas pr\u00e1ticas coreogr\u00e1ficas propostas, comprovando seu desempenho e progresso nas aulas, bem como seu interesse pelo desenvolvimento art\u00edstico. https:\/\/www.youtube.com\/watch?v=DDm8VW32dgY https:\/\/www.youtube.com\/watch?v=x_X3Jf_GN0w &hellip; <\/p>\n<p class=\"link-more\"><a href=\"https:\/\/dannydemiranda.com.br\/?page_id=251\" class=\"more-link\">Read more<span class=\"screen-reader-text\"> &#8220;Certificados&#8221;<\/span><\/a><\/p>\n","protected":false},"author":1,"featured_media":0,"parent":0,"menu_order":0,"comment_status":"closed","ping_status":"closed","template":"","meta":{"inspiro_hide_title":false,"footnotes":""},"class_list":["post-251","page","type-page","status-publish","hentry"],"_links":{"self":[{"href":"https:\/\/dannydemiranda.com.br\/index.php?rest_route=\/wp\/v2\/pages\/251","targetHints":{"allow":["GET"]}}],"collection":[{"href":"https:\/\/dannydemiranda.com.br\/index.php?rest_route=\/wp\/v2\/pages"}],"about":[{"href":"https:\/\/dannydemiranda.com.br\/index.php?rest_route=\/wp\/v2\/types\/page"}],"author":[{"embeddable":true,"href":"https:\/\/dannydemiranda.com.br\/index.php?rest_route=\/wp\/v2\/users\/1"}],"replies":[{"embeddable":true,"href":"https:\/\/dannydemiranda.com.br\/index.php?rest_route=%2Fwp%2Fv2%2Fcomments&post=251"}],"version-history":[{"count":58,"href":"https:\/\/dannydemiranda.com.br\/index.php?rest_route=\/wp\/v2\/pages\/251\/revisions"}],"predecessor-version":[{"id":649,"href":"https:\/\/dannydemiranda.com.br\/index.php?rest_route=\/wp\/v2\/pages\/251\/revisions\/649"}],"wp:attachment":[{"href":"https:\/\/dannydemiranda.com.br\/index.php?rest_route=%2Fwp%2Fv2%2Fmedia&parent=251"}],"curies":[{"name":"wp","href":"https:\/\/api.w.org\/{rel}","templated":true}]}}