{"id":24,"date":"2025-03-19T10:07:07","date_gmt":"2025-03-19T13:07:07","guid":{"rendered":"https:\/\/dannydemiranda.com.br\/?page_id=24"},"modified":"2026-04-06T10:44:03","modified_gmt":"2026-04-06T13:44:03","slug":"esportes","status":"publish","type":"page","link":"https:\/\/dannydemiranda.com.br\/?page_id=24","title":{"rendered":"Esportes"},"content":{"rendered":"\t\t<div data-elementor-type=\"wp-page\" data-elementor-id=\"24\" class=\"elementor elementor-24\">\n\t\t\t\t<div class=\"elementor-element elementor-element-0c84b0d e-flex e-con-boxed e-con e-parent\" data-id=\"0c84b0d\" data-element_type=\"container\" data-e-type=\"container\">\n\t\t\t\t\t<div class=\"e-con-inner\">\n\t\t\t\t<div class=\"elementor-element elementor-element-f58a193 elementor-widget elementor-widget-text-editor\" data-id=\"f58a193\" data-element_type=\"widget\" data-e-type=\"widget\" data-widget_type=\"text-editor.default\">\n\t\t\t\t<div class=\"elementor-widget-container\">\n\t\t\t\t\t\t\t\t\t<p>Danny sempre foi um grande amante dos esportes e, ao longo de sua vida, praticou diversas modalidades, desde as mais simples (muscula\u00e7\u00e3o, t\u00eanis, basquete, ciclismo e nata\u00e7\u00e3o) at\u00e9 as mais radicais (tirolesa, rope swing, bodyjump, quadriciclo, arvorismo e trilhas). Essa viv\u00eancia esportiva reflete seu esp\u00edrito aventureiro, sua disciplina e sua busca constante por novos desafios. H\u00e1 mais de uma d\u00e9cada, ele mant\u00e9m uma rotina esportiva di\u00e1ria, utilizando o esporte como forma de bem-estar, supera\u00e7\u00e3o e equil\u00edbrio f\u00edsico e mental.<\/p><div class=\"flex flex-col text-sm @w-xl\/main:pt-header-height pb-25\"><article class=\"text-token-text-primary w-full focus:outline-none [--shadow-height:45px] has-data-writing-block:pointer-events-none has-data-writing-block:-mt-(--shadow-height) has-data-writing-block:pt-(--shadow-height) [&amp;:has([data-writing-block])&gt;*]:pointer-events-auto scroll-mt-[calc(var(--header-height)+min(200px,max(70px,20svh)))]\" dir=\"auto\" tabindex=\"-1\" data-turn-id=\"request-WEB:1690b4a0-4b6e-4776-bc71-4361efb3374a-3\" data-testid=\"conversation-turn-6\" data-scroll-anchor=\"true\" data-turn=\"assistant\"><div class=\"text-base my-auto mx-auto pb-10 [--thread-content-margin:--spacing(4)] @w-sm\/main:[--thread-content-margin:--spacing(6)] @w-lg\/main:[--thread-content-margin:--spacing(16)] px-(--thread-content-margin)\"><div class=\"[--thread-content-max-width:40rem] @w-lg\/main:[--thread-content-max-width:48rem] mx-auto max-w-(--thread-content-max-width) flex-1 group\/turn-messages focus-visible:outline-hidden relative flex w-full min-w-0 flex-col agent-turn\" tabindex=\"-1\"><div class=\"flex max-w-full flex-col grow\"><div class=\"min-h-8 text-message relative flex w-full flex-col items-end gap-2 text-start break-words whitespace-normal [.text-message+&amp;]:mt-1\" dir=\"auto\" data-message-author-role=\"assistant\" data-message-id=\"b40f0e98-be6d-4331-ac3d-9357f321587e\" data-message-model-slug=\"gpt-5-2\"><div class=\"flex w-full flex-col gap-1 empty:hidden first:pt-[1px]\"><div class=\"markdown prose dark:prose-invert w-full break-words light markdown-new-styling\"><p data-start=\"0\" data-end=\"462\" data-is-last-node=\"\" data-is-only-node=\"\">Clique e confira os esportes praticados por Danny.<\/p><\/div><\/div><\/div><\/div><\/div><\/div><\/article><\/div>\t\t\t\t\t\t\t\t<\/div>\n\t\t\t\t<\/div>\n\t\t\t\t\t<\/div>\n\t\t\t\t<\/div>\n\t\t<div class=\"elementor-element elementor-element-b8466a5 e-flex e-con-boxed e-con e-parent\" data-id=\"b8466a5\" data-element_type=\"container\" data-e-type=\"container\">\n\t\t\t\t\t<div class=\"e-con-inner\">\n\t\t<div class=\"elementor-element elementor-element-c387617 e-con-full e-flex e-con e-child\" data-id=\"c387617\" data-element_type=\"container\" data-e-type=\"container\">\n\t\t\t\t<div class=\"elementor-element elementor-element-4257bdc elementor-widget elementor-widget-image\" data-id=\"4257bdc\" data-element_type=\"widget\" data-e-type=\"widget\" data-widget_type=\"image.default\">\n\t\t\t\t<div class=\"elementor-widget-container\">\n\t\t\t\t\t\t\t\t\t\t\t\t\t\t\t\t<a href=\"https:\/\/dannydemiranda.com.br\/?page_id=1034\" target=\"_blank\">\n\t\t\t\t\t\t\t<img fetchpriority=\"high\" decoding=\"async\" width=\"640\" height=\"360\" src=\"https:\/\/dannydemiranda.com.br\/wp-content\/uploads\/2026\/02\/Template-arvorismo.png\" class=\"attachment-large size-large wp-image-1033\" alt=\"\" srcset=\"https:\/\/dannydemiranda.com.br\/wp-content\/uploads\/2026\/02\/Template-arvorismo.png 640w, https:\/\/dannydemiranda.com.br\/wp-content\/uploads\/2026\/02\/Template-arvorismo-300x169.png 300w\" sizes=\"100vw\" \/>\t\t\t\t\t\t\t\t<\/a>\n\t\t\t\t\t\t\t\t\t\t\t\t\t\t\t<\/div>\n\t\t\t\t<\/div>\n\t\t\t\t<\/div>\n\t\t<div class=\"elementor-element elementor-element-88c0530 e-con-full e-flex e-con e-child\" data-id=\"88c0530\" data-element_type=\"container\" data-e-type=\"container\">\n\t\t\t\t<div class=\"elementor-element elementor-element-4a09e47 elementor-widget elementor-widget-image\" data-id=\"4a09e47\" data-element_type=\"widget\" data-e-type=\"widget\" data-widget_type=\"image.default\">\n\t\t\t\t<div class=\"elementor-widget-container\">\n\t\t\t\t\t\t\t\t\t\t\t\t\t\t\t\t<a href=\"https:\/\/dannydemiranda.com.br\/?page_id=1154\" target=\"_blank\">\n\t\t\t\t\t\t\t<img decoding=\"async\" width=\"640\" height=\"360\" src=\"https:\/\/dannydemiranda.com.br\/wp-content\/uploads\/2026\/02\/Site-Danny.png\" class=\"attachment-large size-large wp-image-1153\" alt=\"\" srcset=\"https:\/\/dannydemiranda.com.br\/wp-content\/uploads\/2026\/02\/Site-Danny.png 640w, https:\/\/dannydemiranda.com.br\/wp-content\/uploads\/2026\/02\/Site-Danny-300x169.png 300w\" sizes=\"100vw\" \/>\t\t\t\t\t\t\t\t<\/a>\n\t\t\t\t\t\t\t\t\t\t\t\t\t\t\t<\/div>\n\t\t\t\t<\/div>\n\t\t\t\t<\/div>\n\t\t<div class=\"elementor-element elementor-element-efa31be e-con-full e-flex e-con e-child\" data-id=\"efa31be\" data-element_type=\"container\" data-e-type=\"container\">\n\t\t\t\t<div class=\"elementor-element elementor-element-d87ebef elementor-widget elementor-widget-image\" data-id=\"d87ebef\" data-element_type=\"widget\" data-e-type=\"widget\" data-widget_type=\"image.default\">\n\t\t\t\t<div class=\"elementor-widget-container\">\n\t\t\t\t\t\t\t\t\t\t\t\t\t\t\t\t<a href=\"https:\/\/dannydemiranda.com.br\/?page_id=1013\" target=\"_blank\">\n\t\t\t\t\t\t\t<img decoding=\"async\" width=\"640\" height=\"360\" src=\"https:\/\/dannydemiranda.com.br\/wp-content\/uploads\/2026\/02\/Template-braco-de-ferro.png\" class=\"attachment-large size-large wp-image-1012\" alt=\"\" srcset=\"https:\/\/dannydemiranda.com.br\/wp-content\/uploads\/2026\/02\/Template-braco-de-ferro.png 640w, https:\/\/dannydemiranda.com.br\/wp-content\/uploads\/2026\/02\/Template-braco-de-ferro-300x169.png 300w\" sizes=\"100vw\" \/>\t\t\t\t\t\t\t\t<\/a>\n\t\t\t\t\t\t\t\t\t\t\t\t\t\t\t<\/div>\n\t\t\t\t<\/div>\n\t\t\t\t<\/div>\n\t\t<div class=\"elementor-element elementor-element-0e2dc17 e-con-full e-flex e-con e-child\" data-id=\"0e2dc17\" data-element_type=\"container\" data-e-type=\"container\">\n\t\t\t\t<div class=\"elementor-element elementor-element-05a6f33 elementor-widget elementor-widget-image\" data-id=\"05a6f33\" data-element_type=\"widget\" data-e-type=\"widget\" data-widget_type=\"image.default\">\n\t\t\t\t<div class=\"elementor-widget-container\">\n\t\t\t\t\t\t\t\t\t\t\t\t\t\t\t\t<a href=\"https:\/\/dannydemiranda.com.br\/?page_id=979\" target=\"_blank\">\n\t\t\t\t\t\t\t<img loading=\"lazy\" decoding=\"async\" width=\"640\" height=\"360\" src=\"https:\/\/dannydemiranda.com.br\/wp-content\/uploads\/2026\/02\/Template-Golfe.png\" class=\"attachment-large size-large wp-image-978\" alt=\"\" srcset=\"https:\/\/dannydemiranda.com.br\/wp-content\/uploads\/2026\/02\/Template-Golfe.png 640w, https:\/\/dannydemiranda.com.br\/wp-content\/uploads\/2026\/02\/Template-Golfe-300x169.png 300w\" sizes=\"100vw\" \/>\t\t\t\t\t\t\t\t<\/a>\n\t\t\t\t\t\t\t\t\t\t\t\t\t\t\t<\/div>\n\t\t\t\t<\/div>\n\t\t\t\t<\/div>\n\t\t<div class=\"elementor-element elementor-element-b81d6cd e-con-full e-flex e-con e-child\" data-id=\"b81d6cd\" data-element_type=\"container\" data-e-type=\"container\">\n\t\t\t\t<div class=\"elementor-element elementor-element-8bdbccc elementor-widget elementor-widget-image\" data-id=\"8bdbccc\" data-element_type=\"widget\" data-e-type=\"widget\" data-widget_type=\"image.default\">\n\t\t\t\t<div class=\"elementor-widget-container\">\n\t\t\t\t\t\t\t\t\t\t\t\t\t\t\t\t<a href=\"https:\/\/dannydemiranda.com.br\/?page_id=1001\" target=\"_blank\">\n\t\t\t\t\t\t\t<img loading=\"lazy\" decoding=\"async\" width=\"640\" height=\"360\" src=\"https:\/\/dannydemiranda.com.br\/wp-content\/uploads\/2026\/02\/Template-musculacao.png\" class=\"attachment-large size-large wp-image-1011\" alt=\"\" srcset=\"https:\/\/dannydemiranda.com.br\/wp-content\/uploads\/2026\/02\/Template-musculacao.png 640w, https:\/\/dannydemiranda.com.br\/wp-content\/uploads\/2026\/02\/Template-musculacao-300x169.png 300w\" sizes=\"100vw\" \/>\t\t\t\t\t\t\t\t<\/a>\n\t\t\t\t\t\t\t\t\t\t\t\t\t\t\t<\/div>\n\t\t\t\t<\/div>\n\t\t\t\t<\/div>\n\t\t<div class=\"elementor-element elementor-element-37e2d8e e-con-full e-flex e-con e-child\" data-id=\"37e2d8e\" data-element_type=\"container\" data-e-type=\"container\">\n\t\t\t\t<div class=\"elementor-element elementor-element-b3ce34a elementor-widget elementor-widget-image\" data-id=\"b3ce34a\" data-element_type=\"widget\" data-e-type=\"widget\" data-widget_type=\"image.default\">\n\t\t\t\t<div class=\"elementor-widget-container\">\n\t\t\t\t\t\t\t\t\t\t\t\t\t\t\t\t<a href=\"https:\/\/dannydemiranda.com.br\/?page_id=989\" target=\"_blank\">\n\t\t\t\t\t\t\t<img loading=\"lazy\" decoding=\"async\" width=\"640\" height=\"360\" src=\"https:\/\/dannydemiranda.com.br\/wp-content\/uploads\/2026\/02\/Template-natacao.png\" class=\"attachment-large size-large wp-image-988\" alt=\"\" srcset=\"https:\/\/dannydemiranda.com.br\/wp-content\/uploads\/2026\/02\/Template-natacao.png 640w, https:\/\/dannydemiranda.com.br\/wp-content\/uploads\/2026\/02\/Template-natacao-300x169.png 300w\" sizes=\"100vw\" \/>\t\t\t\t\t\t\t\t<\/a>\n\t\t\t\t\t\t\t\t\t\t\t\t\t\t\t<\/div>\n\t\t\t\t<\/div>\n\t\t\t\t<\/div>\n\t\t\t\t\t<\/div>\n\t\t\t\t<\/div>\n\t\t<div class=\"elementor-element elementor-element-c4afe33 e-flex e-con-boxed e-con e-parent\" data-id=\"c4afe33\" data-element_type=\"container\" data-e-type=\"container\">\n\t\t\t\t\t<div class=\"e-con-inner\">\n\t\t<div class=\"elementor-element elementor-element-39e8610 e-con-full e-flex e-con e-child\" data-id=\"39e8610\" data-element_type=\"container\" data-e-type=\"container\">\n\t\t\t\t<div class=\"elementor-element elementor-element-d006bd4 elementor-widget elementor-widget-image\" data-id=\"d006bd4\" data-element_type=\"widget\" data-e-type=\"widget\" data-widget_type=\"image.default\">\n\t\t\t\t<div class=\"elementor-widget-container\">\n\t\t\t\t\t\t\t\t\t\t\t\t\t\t\t\t<a href=\"https:\/\/dannydemiranda.com.br\/?page_id=1024\" target=\"_blank\">\n\t\t\t\t\t\t\t<img loading=\"lazy\" decoding=\"async\" width=\"640\" height=\"360\" src=\"https:\/\/dannydemiranda.com.br\/wp-content\/uploads\/2026\/02\/Template-Quadriciclo.png\" class=\"attachment-large size-large wp-image-1023\" alt=\"\" srcset=\"https:\/\/dannydemiranda.com.br\/wp-content\/uploads\/2026\/02\/Template-Quadriciclo.png 640w, https:\/\/dannydemiranda.com.br\/wp-content\/uploads\/2026\/02\/Template-Quadriciclo-300x169.png 300w\" sizes=\"100vw\" \/>\t\t\t\t\t\t\t\t<\/a>\n\t\t\t\t\t\t\t\t\t\t\t\t\t\t\t<\/div>\n\t\t\t\t<\/div>\n\t\t\t\t<\/div>\n\t\t<div class=\"elementor-element elementor-element-88623ed e-con-full e-flex e-con e-child\" data-id=\"88623ed\" data-element_type=\"container\" data-e-type=\"container\">\n\t\t\t\t<div class=\"elementor-element elementor-element-56561cc elementor-widget elementor-widget-image\" data-id=\"56561cc\" data-element_type=\"widget\" data-e-type=\"widget\" data-widget_type=\"image.default\">\n\t\t\t\t<div class=\"elementor-widget-container\">\n\t\t\t\t\t\t\t\t\t\t\t\t\t\t\t\t<a href=\"https:\/\/dannydemiranda.com.br\/?page_id=965\" target=\"_blank\">\n\t\t\t\t\t\t\t<img loading=\"lazy\" decoding=\"async\" width=\"640\" height=\"360\" src=\"https:\/\/dannydemiranda.com.br\/wp-content\/uploads\/2026\/02\/Template-Tenis.png\" class=\"attachment-large size-large wp-image-977\" alt=\"\" srcset=\"https:\/\/dannydemiranda.com.br\/wp-content\/uploads\/2026\/02\/Template-Tenis.png 640w, https:\/\/dannydemiranda.com.br\/wp-content\/uploads\/2026\/02\/Template-Tenis-300x169.png 300w\" sizes=\"100vw\" \/>\t\t\t\t\t\t\t\t<\/a>\n\t\t\t\t\t\t\t\t\t\t\t\t\t\t\t<\/div>\n\t\t\t\t<\/div>\n\t\t\t\t<\/div>\n\t\t<div class=\"elementor-element elementor-element-3e3e69e e-con-full e-flex e-con e-child\" data-id=\"3e3e69e\" data-element_type=\"container\" data-e-type=\"container\">\n\t\t\t\t<div class=\"elementor-element elementor-element-e10c807 elementor-widget elementor-widget-image\" data-id=\"e10c807\" data-element_type=\"widget\" data-e-type=\"widget\" data-widget_type=\"image.default\">\n\t\t\t\t<div class=\"elementor-widget-container\">\n\t\t\t\t\t\t\t\t\t\t\t\t\t\t\t\t<a href=\"https:\/\/dannydemiranda.com.br\/?page_id=1044\" target=\"_blank\">\n\t\t\t\t\t\t\t<img loading=\"lazy\" decoding=\"async\" width=\"640\" height=\"360\" src=\"https:\/\/dannydemiranda.com.br\/wp-content\/uploads\/2026\/02\/Template-tirolesas-trilhas-escaladas.png\" class=\"attachment-large size-large wp-image-1043\" alt=\"\" srcset=\"https:\/\/dannydemiranda.com.br\/wp-content\/uploads\/2026\/02\/Template-tirolesas-trilhas-escaladas.png 640w, https:\/\/dannydemiranda.com.br\/wp-content\/uploads\/2026\/02\/Template-tirolesas-trilhas-escaladas-300x169.png 300w\" sizes=\"100vw\" \/>\t\t\t\t\t\t\t\t<\/a>\n\t\t\t\t\t\t\t\t\t\t\t\t\t\t\t<\/div>\n\t\t\t\t<\/div>\n\t\t\t\t<\/div>\n\t\t\t\t\t<\/div>\n\t\t\t\t<\/div>\n\t\t\t\t<\/div>\n\t\t","protected":false},"excerpt":{"rendered":"<p>Danny sempre foi um grande amante dos esportes e, ao longo de sua vida, praticou diversas modalidades, desde as mais simples (muscula\u00e7\u00e3o, t\u00eanis, basquete, ciclismo e nata\u00e7\u00e3o) at\u00e9 as mais radicais (tirolesa, rope swing, bodyjump, quadriciclo, arvorismo e trilhas). Essa viv\u00eancia esportiva reflete seu esp\u00edrito aventureiro, sua disciplina e sua busca constante por novos desafios. &hellip; <\/p>\n<p class=\"link-more\"><a href=\"https:\/\/dannydemiranda.com.br\/?page_id=24\" class=\"more-link\">Read more<span class=\"screen-reader-text\"> &#8220;Esportes&#8221;<\/span><\/a><\/p>\n","protected":false},"author":1,"featured_media":0,"parent":0,"menu_order":0,"comment_status":"closed","ping_status":"closed","template":"","meta":{"inspiro_hide_title":false,"footnotes":""},"class_list":["post-24","page","type-page","status-publish","hentry"],"_links":{"self":[{"href":"https:\/\/dannydemiranda.com.br\/index.php?rest_route=\/wp\/v2\/pages\/24","targetHints":{"allow":["GET"]}}],"collection":[{"href":"https:\/\/dannydemiranda.com.br\/index.php?rest_route=\/wp\/v2\/pages"}],"about":[{"href":"https:\/\/dannydemiranda.com.br\/index.php?rest_route=\/wp\/v2\/types\/page"}],"author":[{"embeddable":true,"href":"https:\/\/dannydemiranda.com.br\/index.php?rest_route=\/wp\/v2\/users\/1"}],"replies":[{"embeddable":true,"href":"https:\/\/dannydemiranda.com.br\/index.php?rest_route=%2Fwp%2Fv2%2Fcomments&post=24"}],"version-history":[{"count":151,"href":"https:\/\/dannydemiranda.com.br\/index.php?rest_route=\/wp\/v2\/pages\/24\/revisions"}],"predecessor-version":[{"id":1261,"href":"https:\/\/dannydemiranda.com.br\/index.php?rest_route=\/wp\/v2\/pages\/24\/revisions\/1261"}],"wp:attachment":[{"href":"https:\/\/dannydemiranda.com.br\/index.php?rest_route=%2Fwp%2Fv2%2Fmedia&parent=24"}],"curies":[{"name":"wp","href":"https:\/\/api.w.org\/{rel}","templated":true}]}}