{"id":22,"date":"2025-03-19T10:06:46","date_gmt":"2025-03-19T13:06:46","guid":{"rendered":"https:\/\/dannydemiranda.com.br\/?page_id=22"},"modified":"2026-04-06T10:44:27","modified_gmt":"2026-04-06T13:44:27","slug":"viagens","status":"publish","type":"page","link":"https:\/\/dannydemiranda.com.br\/?page_id=22","title":{"rendered":"Viagens"},"content":{"rendered":"\t\t<div data-elementor-type=\"wp-page\" data-elementor-id=\"22\" class=\"elementor elementor-22\">\n\t\t\t\t<div class=\"elementor-element elementor-element-538fe6b e-flex e-con-boxed e-con e-parent\" data-id=\"538fe6b\" data-element_type=\"container\" data-e-type=\"container\">\n\t\t\t\t\t<div class=\"e-con-inner\">\n\t\t\t\t<div class=\"elementor-element elementor-element-5c410d5 elementor-widget elementor-widget-text-editor\" data-id=\"5c410d5\" data-element_type=\"widget\" data-e-type=\"widget\" data-widget_type=\"text-editor.default\">\n\t\t\t\t<div class=\"elementor-widget-container\">\n\t\t\t\t\t\t\t\t\t<p><em>(p\u00e1gina em constru\u00e7\u00e3o)<\/em><\/p>\t\t\t\t\t\t\t\t<\/div>\n\t\t\t\t<\/div>\n\t\t\t\t<div class=\"elementor-element elementor-element-ee481f2 elementor-widget elementor-widget-text-editor\" data-id=\"ee481f2\" data-element_type=\"widget\" data-e-type=\"widget\" data-widget_type=\"text-editor.default\">\n\t\t\t\t<div class=\"elementor-widget-container\">\n\t\t\t\t\t\t\t\t\t<p>Durante sua vida, Danny percorreu diversos pa\u00edses e incont\u00e1veis destinos brasileiros, construindo uma trajet\u00f3ria marcada pelo esp\u00edrito viajante e por um profundo contato com diferentes culturas. Cada lugar visitado contribuiu para ampliar sua vis\u00e3o de mundo e enriquecer suas experi\u00eancias.\u00a0<\/p><p>Veja abaixo alguns dos locais onde Danny j\u00e1 esteve (<em>em constru\u00e7\u00e3o<\/em>).<\/p>\t\t\t\t\t\t\t\t<\/div>\n\t\t\t\t<\/div>\n\t\t\t\t<div class=\"elementor-element elementor-element-0bc1c16 elementor-widget elementor-widget-text-editor\" data-id=\"0bc1c16\" data-element_type=\"widget\" data-e-type=\"widget\" data-widget_type=\"text-editor.default\">\n\t\t\t\t<div class=\"elementor-widget-container\">\n\t\t\t\t\t\t\t\t\t<p><strong>Viagens Internacionais<\/strong><\/p><ol><li><strong>Alemanha<\/strong><\/li><\/ol><ul><li>Bonn<\/li><li>Nuremberg<\/li><\/ul><p><strong>\u00a0 \u00a0 2. Argentina (3x)<\/strong><\/p><ul><li>Misiones<\/li><li>Posadas<\/li><li>Ap\u00f3stoles<\/li><li>Villa Salto Encantado<\/li><li>Eldorado<\/li><li>Malarg\u00fce<\/li><li>Las Le\u00f1as<\/li><li>Buenos Aires<\/li><li>El Calafate<\/li><li>Geleira Perito Moreno<\/li><li>El Chalt\u00e9n<\/li><li>Ushuaia<\/li><li>Cerro Castor<\/li><li>Lapataia<\/li><li>Parque Nacional Beagle<\/li><li>Pinguinera<\/li><li>Trem do Fim do Mundo<\/li><li>Puerto Almanza<\/li><li>El Gran Chaparral<\/li><\/ul><p><strong>\u00a0 \u00a03. Austr\u00e1lia<\/strong><\/p><ul><li>Viagem de Motor Home: Melbourne, Adelaide, Outback, Sydney<\/li><\/ul><p><strong>\u00a0 \u00a04. B\u00e9lgica<\/strong><\/p><ul><li>Bruxelas<\/li><\/ul><p><strong>\u00a0 \u00a05. Canad\u00e1<\/strong><\/p><ul><li>Toronto<\/li><li>Edmonton<\/li><li>Yellowknife<\/li><li>\u00c1rtico<\/li><\/ul><p><strong>\u00a0 \u00a06. Chile (3x)<\/strong><\/p><ul><li>Concepci\u00f3n<\/li><li>Chill\u00e1n<\/li><li>San Pedro de Atacama<\/li><li>Puerto Varas<\/li><li>Osorno<\/li><li>Puerto Montt<\/li><\/ul><p><strong>\u00a0 \u00a07. Esc\u00f3cia (3x)<\/strong><\/p><ul><li>Motor Home<\/li><li>Motor Home<\/li><li>Viagem de carro: Glasgow (Congresso Mundial de S\u00edndrome de Down), Muralha de Adriano<\/li><\/ul><p><strong>\u00a0 \u00a08. Espanha<\/strong><\/p><p><strong>\u00a0 \u00a09. Estados Unidos da Am\u00e9rica (3x)<\/strong><\/p><ul><li>2 viagens com a m\u00e3e<\/li><li>1 viagem com Melissa<\/li><\/ul><p><strong>\u00a0 \u00a010. Fran\u00e7a<\/strong><\/p><ul><li>Paris<\/li><li>Als\u00e1cia<\/li><\/ul><p><strong>\u00a0 \u00a011. Irlanda (2x)<\/strong><\/p><p><strong>\u00a0 \u00a012. Isl\u00e2ndia<\/strong><\/p><p><strong>\u00a0 \u00a013. It\u00e1lia (2x)<\/strong><\/p><ul><li>Veneza<\/li><li>Dolomiti<\/li><li>N\u00e1poles<\/li><li>Cal\u00e1bria<\/li><\/ul><p><strong>\u00a0 \u00a014. Nova Zel\u00e2ndia\u00a0\u00a0<\/strong><\/p><ul><li>Julho de 2012:<p data-start=\"95\" data-end=\"302\"><strong data-start=\"95\" data-end=\"110\">Ilha Norte:<\/strong><br data-start=\"110\" data-end=\"113\" \/>Auckland (Camping do Aeroporto), Hamilton, Taumarunui, Parque Nacional de Tongariro (sobrevoo Vulc\u00e3o), Kakahi (Vermes Luminosos), Whanganui (Gravity Canyon), Wellington (museu e zool\u00f3gico).<\/p><p data-start=\"304\" data-end=\"436\"><strong data-start=\"304\" data-end=\"317\">Ilha Sul:<\/strong><br data-start=\"317\" data-end=\"320\" \/>Picton, Kaikoura (observar baleias), Waipara, Hurunui, Hanmer Springs, Springs Junction, Reefton, Murchison, Nelson.<\/p><p data-start=\"438\" data-end=\"1000\"><strong data-start=\"438\" data-end=\"453\">Ilha Norte:<\/strong><br data-start=\"453\" data-end=\"456\" \/>Wellington, Taihape (Gravity Canyon), Tauranga \/ Lago Taupo, Auckland, Waipu Caves (Vermes Luminosos), Whangarei (Museu do Kiwi), Mata Kohe, Kauri Museum, Wellsford, Auckland (Camping do Aeroporto), Auckland (Sky Tower), Rotorua, Te Puia, Wai-O-Tapu Thermal Wonderland (Rotorua), g\u00eaiseres e Lago Taupo, passeio de barco a vela e rope swing no AJ Hackett Taupo, Cathedral Cove e Reserva Marinha Te Whanganui-A-Hei, Coroglen, Coromandel, Auckland, Auckland (Camping do Aeroporto).<\/p><\/li><\/ul><p><strong>\u00a0 \u00a015. Portugal\u00a0<\/strong><\/p><ul><li>Junho de 2016: Algarve, Coimbra, Bu\u00e7aco, Lisboa<\/li><li>Junho de 2017: Coimbra e Lisboa<\/li><li>Maio de 2022: Ilha da Madeira<\/li><\/ul><p><strong>\u00a0 \u00a016. Uruguai\u00a0<\/strong><\/p><ul><li>Janeiro de 2005: Chuy, Punta del Este, Montevid\u00e9u, Col\u00f4nia do Sacramento<\/li><li>Outubro de 2023: Col\u00f4nia do Sacramento<\/li><\/ul>\t\t\t\t\t\t\t\t<\/div>\n\t\t\t\t<\/div>\n\t\t\t\t<div class=\"elementor-element elementor-element-71d45d7 elementor-widget elementor-widget-text-editor\" data-id=\"71d45d7\" data-element_type=\"widget\" data-e-type=\"widget\" data-widget_type=\"text-editor.default\">\n\t\t\t\t<div class=\"elementor-widget-container\">\n\t\t\t\t\t\t\t\t\t<p><strong>Viagens no Brasil<\/strong><\/p><ol><li><strong>Alagoas<\/strong><\/li><\/ol><ul><li>Janeiro de 2019: S\u00e3o Miguel dos Milagres e Maragogi<\/li><\/ul><p>\u00a0 \u00a0 2.<strong> Amazonas<\/strong><\/p><ul><li>Fevereiro de 2004: Manaus e Alto Rio Negro (Barcelos, Caur\u00e9s e Demene)<\/li><\/ul><p>\u00a0 \u00a0 3. <strong>Bahia<\/strong><\/p><ul><li>Janeiro de 1995: Salvador, Buraquinho, Praia do Forte e Sergipe<\/li><li>Janeiro de 2000: Itacimirim, Salvador, Praia do Forte e Guaratuba<\/li><li>Julho de 2002: Praia do Forte e Salvador<\/li><li>Dezembro de 2013\/Janeiro 2014: Porto Seguro e Praia de Guaiu<\/li><\/ul><p>\u00a0 \u00a0 4.<strong> Cear\u00e1<\/strong><\/p><ul><li>Dezembro 2002: Fortaleza, Jericoacoara, Camucim<\/li><\/ul><p>\u00a0 \u00a0 5. <strong>Distrito Federal<\/strong><\/p><p>\u00a0 \u00a0 6. <strong>Esp\u00edrito Santo<\/strong><\/p><ul><li>Janeiro de 2001: Pousada dos Cocais em Aracruz, Linhares, Rio Doce<\/li><\/ul><p>\u00a0 \u00a0 \u00a07. <strong>Goi\u00e1s<\/strong><\/p><ul><li>Julho de 2007: Piren\u00f3polis, Pousada Taman Baru<\/li><\/ul><p>\u00a0 \u00a0 \u00a08. <strong>Maranh\u00e3o<\/strong><\/p><ul><li>Janeiro de 2013: S\u00e3o Lu\u00eds, Barreirinha, Len\u00e7\u00f3is, Queimada dos Britos, Icatu e Raposa<\/li><\/ul><p>\u00a0 \u00a0 \u00a09. <strong>Mato Grosso Do Sul<\/strong><\/p><ul><li>Julho de 2001: Passo do Lontra, Pousada Rio Vermelho, Corumb\u00e1 e Campo Grande<\/li><li>Dezembro de 2006\/Janeiro 2007: Bonito e Pantanal<\/li><li>Maio de 2015: Pantanal\u00a0<\/li><\/ul><p>\u00a0 \u00a0 10. <strong>Minas Gerais<\/strong><\/p><ul><li>Novembro de 1999: Po\u00e7os de Caldas<\/li><li>Mar\u00e7o de 2000: Pocinhos do Rio Verde, Po\u00e7os de Caldas e Andradas<\/li><li>Dezembro de 2003: Tiradentes, S\u00e3o Jo\u00e3o del Rei e Mariana<\/li><li>Fevereiro de 2014: Monte Verde, Pousada Bucaneve<\/li><li>Maio de 2014: Monte Verde, Pousada Bucaneve<\/li><li>Outubro de 2017: Monte Verde, Pousada Bucaneve\u00a0<\/li><li>Setembro de 2023: Monte Verde, Pousada Bucaneve<\/li><\/ul><p>\u00a0 \u00a0 11.<strong> Paran\u00e1<\/strong><\/p><ul><li>Julho de 1998: Furnas, Vilha Velha, Foz do Igua\u00e7u e Itaipu<\/li><li>Mar\u00e7o de 2003: Curitiba e Paranagu\u00e1<\/li><\/ul><p>\u00a0 \u00a0 12. <strong>Pernambuco<\/strong><\/p><p>\u00a0 \u00a0 13. <strong>Rio De Janeiro<\/strong><\/p><ul><li>Julho de 1996: Petr\u00f3polis, Itaipava, Corcovado e P\u00e3o-de-a\u00e7\u00facar<\/li><li>Janeiro de 1997: Parque Nacional do Itatiaia, Pousada Esmeralda, Prateleiras e Hotel Alsene<\/li><li>Agosto de 2003: Itatiaia Hotel Simon e Tr\u00eas Picos<\/li><\/ul><p>\u00a0 \u00a0 14. <strong>Rio Grande Do Sul<\/strong><\/p><ul><li>Julho de 2002: Gramado, Canela e Nova Petr\u00f3polis<\/li><\/ul><p>\u00a0 \u00a0 15. <strong>Santa Catarina<\/strong><\/p><ul><li>Julho de 2003: Florian\u00f3polis, Urubici, Serra do Corvo Branco, Rio do Rastro, Morro da Igreja, Blumenau e Joinville<\/li><li>Julho de 2007: Urubici Pousada Serra Bela, S\u00e3o Joaquim, Avencal, Morro da Igreja e Rio do Rastro<\/li><\/ul><p>\u00a0 \u00a0 16. <strong>S\u00e3o Paulo<\/strong><\/p><ul><li>Litoral: Santos, Guaruj\u00e1, Toque-Toque, Peru\u00edbe, Ubatuba<\/li><li>Monte Alegre do Sul, Serra Negra, Pedra Grande\/Atibaia, Campos do Jord\u00e3o, S\u00e3o Bento do Sapuca\u00ed, Ava\u00ed<\/li><\/ul><p>\u00a0<\/p>\t\t\t\t\t\t\t\t<\/div>\n\t\t\t\t<\/div>\n\t\t\t\t\t<\/div>\n\t\t\t\t<\/div>\n\t\t\t\t<\/div>\n\t\t","protected":false},"excerpt":{"rendered":"<p>(p\u00e1gina em constru\u00e7\u00e3o) Durante sua vida, Danny percorreu diversos pa\u00edses e incont\u00e1veis destinos brasileiros, construindo uma trajet\u00f3ria marcada pelo esp\u00edrito viajante e por um profundo contato com diferentes culturas. Cada lugar visitado contribuiu para ampliar sua vis\u00e3o de mundo e enriquecer suas experi\u00eancias.\u00a0 Veja abaixo alguns dos locais onde Danny j\u00e1 esteve (em constru\u00e7\u00e3o). Viagens &hellip; <\/p>\n<p class=\"link-more\"><a href=\"https:\/\/dannydemiranda.com.br\/?page_id=22\" class=\"more-link\">Read more<span class=\"screen-reader-text\"> &#8220;Viagens&#8221;<\/span><\/a><\/p>\n","protected":false},"author":1,"featured_media":0,"parent":0,"menu_order":0,"comment_status":"closed","ping_status":"closed","template":"","meta":{"inspiro_hide_title":false,"footnotes":""},"class_list":["post-22","page","type-page","status-publish","hentry"],"_links":{"self":[{"href":"https:\/\/dannydemiranda.com.br\/index.php?rest_route=\/wp\/v2\/pages\/22","targetHints":{"allow":["GET"]}}],"collection":[{"href":"https:\/\/dannydemiranda.com.br\/index.php?rest_route=\/wp\/v2\/pages"}],"about":[{"href":"https:\/\/dannydemiranda.com.br\/index.php?rest_route=\/wp\/v2\/types\/page"}],"author":[{"embeddable":true,"href":"https:\/\/dannydemiranda.com.br\/index.php?rest_route=\/wp\/v2\/users\/1"}],"replies":[{"embeddable":true,"href":"https:\/\/dannydemiranda.com.br\/index.php?rest_route=%2Fwp%2Fv2%2Fcomments&post=22"}],"version-history":[{"count":97,"href":"https:\/\/dannydemiranda.com.br\/index.php?rest_route=\/wp\/v2\/pages\/22\/revisions"}],"predecessor-version":[{"id":1264,"href":"https:\/\/dannydemiranda.com.br\/index.php?rest_route=\/wp\/v2\/pages\/22\/revisions\/1264"}],"wp:attachment":[{"href":"https:\/\/dannydemiranda.com.br\/index.php?rest_route=%2Fwp%2Fv2%2Fmedia&parent=22"}],"curies":[{"name":"wp","href":"https:\/\/api.w.org\/{rel}","templated":true}]}}