{"id":15,"date":"2025-03-19T10:04:17","date_gmt":"2025-03-19T13:04:17","guid":{"rendered":"https:\/\/dannydemiranda.com.br\/?page_id=15"},"modified":"2026-04-08T09:22:03","modified_gmt":"2026-04-08T12:22:03","slug":"me-conheca","status":"publish","type":"page","link":"https:\/\/dannydemiranda.com.br\/?page_id=15","title":{"rendered":"Me conhe\u00e7a"},"content":{"rendered":"\t\t<div data-elementor-type=\"wp-page\" data-elementor-id=\"15\" class=\"elementor elementor-15\">\n\t\t\t\t<div class=\"elementor-element elementor-element-e40a2b4 e-flex e-con-boxed e-con e-parent\" data-id=\"e40a2b4\" data-element_type=\"container\" data-e-type=\"container\">\n\t\t\t\t\t<div class=\"e-con-inner\">\n\t\t\t\t<div class=\"elementor-element elementor-element-fd87f66 elementor-widget elementor-widget-text-editor\" data-id=\"fd87f66\" data-element_type=\"widget\" data-e-type=\"widget\" data-widget_type=\"text-editor.default\">\n\t\t\t\t<div class=\"elementor-widget-container\">\n\t\t\t\t\t\t\t\t\t<p><span dir=\"auto\" style=\"vertical-align: inherit;\"><span dir=\"auto\" style=\"vertical-align: inherit;\"><span dir=\"auto\" style=\"vertical-align: inherit;\"><span dir=\"auto\" style=\"vertical-align: inherit;\">A hist\u00f3ria de Daniel de Miranda \u00e9 marcada por viagens, descobertas e uma paix\u00e3o constante pela arte e pela vida. Nascido em Campinas (SP), em 1994, filho de <a href=\"https:\/\/lianajohn.com.br\/\" target=\"_blank\" rel=\"noopener\">Liana John<\/a> e <a href=\"https:\/\/evaristodemiranda.com.br\/\" target=\"_blank\" rel=\"noopener\">Evaristo de Miranda<\/a>, Daniel cresceu explorando o Brasil e o mundo, acumulando experi\u00eancias. Elas moldaram sua trajet\u00f3ria desde cedo. Ainda crian\u00e7a, j\u00e1 havia conhecido destinos internacionais como It\u00e1lia, Portugal, Espanha e Estados Unidos, al\u00e9m de in\u00fameras cidades brasileiras, sempre acompanhados da fam\u00edlia e cercado de afetos.<\/span><\/span><\/span><\/span><\/p><p data-start=\"611\" data-end=\"1063\">Durante a inf\u00e2ncia e a adolesc\u00eancia, estudou em escolas como o Liceu N. Sa. Auxiliadora, Escola do S\u00edtio e Col\u00e9gio Sagrado Cora\u00e7\u00e3o de Jesus, participando de projetos culturais, apresenta\u00e7\u00f5es liter\u00e1rias e pe\u00e7as teatrais. Realizou cursos de ingl\u00eas, aquarela, grafite e hist\u00f3rias em quadrinhos, al\u00e9m de se aventurar em atividades como rafting, skyjump, fotografia e dan\u00e7a \u2014 viv\u00eancias que fortaleceram sua sensibilidade art\u00edstica e seu esp\u00edrito explorador.<\/p><p data-start=\"1065\" data-end=\"1621\">Na vida acad\u00eamica, aprofundou-se em Design com habilita\u00e7\u00e3o em Comunica\u00e7\u00e3o Visual na ESAMC, estudando Identidade Visual, Desenho Aplicado, Marketing, Gest\u00e3o de Projetos e Hist\u00f3ria da Arte. Tamb\u00e9m frequentou cursos como Introdu\u00e7\u00e3o ao Trabalho (Funda\u00e7\u00e3o S\u00edndrome de Down), Hamb\u00fargueres Artesanais (Escola Paladares) e Paladares Especiais, desenvolvendo habilidades em gastronomia, organiza\u00e7\u00e3o e produ\u00e7\u00e3o de eventos. Atuou ainda no Instituto de Tecnologia de Alimentos (ITAL) e em espa\u00e7os voltados para arte e inclus\u00e3o, como o CEESD e a Pandora Escola de Arte.<\/p><p data-start=\"1623\" data-end=\"2291\">Com uma trajet\u00f3ria profissional marcada pela comunica\u00e7\u00e3o e pela criatividade, Daniel destaca-se desde 2017 como apresentador do canal <a href=\"https:\/\/www.youtube.com\/@DownNews21\/videos\" target=\"_blank\" rel=\"noopener\">Down News<\/a>, onde publica v\u00eddeos sobre temas variados. Participou como ator no clipe \u201c<a href=\"https:\/\/www.youtube.com\/watch?v=Z6Q3WF0n1HY&amp;list=RDZ6Q3WF0n1HY&amp;start_radio=1\" target=\"_blank\" rel=\"noopener\">No Primeiro Olhar<\/a>\u201d, da banda Pamac\u00ea, lan\u00e7ado no Dia dos Namorados, e atuou como palestrante em eventos acad\u00eamicos e associativos, discutindo m\u00eddia inclusiva, conviv\u00eancia e aprimoramento social. Em 2016, idealizou a campanha de e-mail marketing \u201cFeliz AgroNatal\u201d para a Ag\u00eancia de AgroComunica\u00e7\u00e3o Finco, onde realizou est\u00e1gio. No mesmo per\u00edodo, foi modelo da campanha \u201c<a href=\"https:\/\/www.youtube.com\/watch?v=haXTY1J60fE\" target=\"_blank\" rel=\"noopener\">Reveja Seus Conceitos<\/a>\u201d, da FEAC, exibida na EPTV, Band e TVB.<\/p><p data-start=\"2293\" data-end=\"2663\">Criativo e empreendedor, Daniel tamb\u00e9m desenvolveu as tortinhas Downl\u00edcias, que refletem sua paix\u00e3o pela culin\u00e1ria, al\u00e9m de ter inaugurado seu pr\u00f3prio apartamento, o <a href=\"https:\/\/www.youtube.com\/watch?v=ywKNKm0wi_o\" target=\"_blank\" rel=\"noopener\">Ap 21<\/a>, s\u00edmbolo de sua independ\u00eancia e express\u00e3o pessoal. Entre 2011 e 2016, manteve o <a href=\"https:\/\/danidemiranda.blogspot.com\/\" target=\"_blank\" rel=\"noopener\">Blog do Dani<\/a>, onde compartilhava viagens, v\u00eddeos e aventuras, refor\u00e7ando sua presen\u00e7a nas m\u00eddias digitais.<\/p><p data-start=\"2293\" data-end=\"2663\">Danny sempre foi um grande amante dos <a href=\"https:\/\/dannydemiranda.com.br\/?page_id=24\" target=\"_blank\" rel=\"noopener\">esportes<\/a> e, ao longo de sua vida, praticou diversas modalidades, desde as mais simples (academia, t\u00eanis, basquete, ciclismo e nata\u00e7\u00e3o) at\u00e9 as mais radicais (tirolesa, rope swing, bodyjump, quadriciclo, arvorismo e trilhas). Essa viv\u00eancia esportiva reflete seu esp\u00edrito aventureiro, sua disciplina e sua busca constante por novos desafios. H\u00e1 mais de uma d\u00e9cada, ele mant\u00e9m uma rotina esportiva di\u00e1ria, utilizando o esporte como forma de bem-estar, supera\u00e7\u00e3o e equil\u00edbrio f\u00edsico e mental.<\/p><p data-start=\"2665\" data-end=\"3046\">Ao longo dos anos, Daniel viajou por <a href=\"https:\/\/dannydemiranda.com.br\/?page_id=22\" target=\"_blank\" rel=\"noopener\">16 pa\u00edses<\/a>, incluindo uma expedi\u00e7\u00e3o ao Polo Norte, e in\u00fameros destinos brasileiros, acumulando hist\u00f3rias, viv\u00eancias e inspira\u00e7\u00f5es. Possui bons conhecimentos em Microsoft Office, redes sociais, fotografia e m\u00eddias digitais, al\u00e9m de ingl\u00eas b\u00e1sico. Entre suas principais compet\u00eancias est\u00e3o comunica\u00e7\u00e3o, criatividade e intelig\u00eancia \u2014 caracter\u00edsticas que permeiam toda a sua trajet\u00f3ria.<\/p><p data-start=\"3048\" data-end=\"3330\">Seu objetivo \u00e9 expressar seu potencial art\u00edstico, comunicativo e humano, demonstrando \u00e0 sociedade que pessoas com s\u00edndrome de Down s\u00e3o capazes, inteligentes e aptas a ocupar diversos espa\u00e7os profissionais, muito al\u00e9m dos estere\u00f3tipos tradicionalmente atribu\u00eddos a elas.<\/p><p>Ao longo de tr\u00eas d\u00e9cadas, a vida de Daniel foi marcada por viagens, conquistas, estudos, apresenta\u00e7\u00f5es, arte, teatro, trabalho, fam\u00edlia, afetos e incont\u00e1veis hist\u00f3rias. Sua trajet\u00f3ria revela uma caminhada rica, intensa e cheia de amor. Ele deseja compartilha-la com todos. Navegue pelo site e descubra mais viv\u00eancias, experi\u00eancias e momentos especiais que fizeram \u2014 e continuam fazendo \u2014 parte da hist\u00f3ria de Daniel.<\/p>\t\t\t\t\t\t\t\t<\/div>\n\t\t\t\t<\/div>\n\t\t\t\t\t<\/div>\n\t\t\t\t<\/div>\n\t\t<div class=\"elementor-element elementor-element-4b08f06 e-flex e-con-boxed e-con e-parent\" data-id=\"4b08f06\" data-element_type=\"container\" data-e-type=\"container\">\n\t\t\t\t\t<div class=\"e-con-inner\">\n\t\t<div class=\"elementor-element elementor-element-85e740a e-con-full e-flex e-con e-child\" data-id=\"85e740a\" data-element_type=\"container\" data-e-type=\"container\">\n\t\t\t\t<\/div>\n\t\t<div class=\"elementor-element elementor-element-01913e9 e-con-full e-flex e-con e-child\" data-id=\"01913e9\" data-element_type=\"container\" data-e-type=\"container\">\n\t\t\t\t<div class=\"elementor-element elementor-element-960e77f elementor-widget elementor-widget-image\" data-id=\"960e77f\" data-element_type=\"widget\" data-e-type=\"widget\" data-widget_type=\"image.default\">\n\t\t\t\t<div class=\"elementor-widget-container\">\n\t\t\t\t\t\t\t\t\t\t\t\t\t\t\t\t<a href=\"http:\/\/dannydemiranda.com.br\/wp-content\/uploads\/2026\/04\/161A6566-scaled.jpg\" data-elementor-open-lightbox=\"yes\" data-elementor-lightbox-title=\"Fotografias Noelly Castro\" data-e-action-hash=\"#elementor-action%3Aaction%3Dlightbox%26settings%3DeyJpZCI6MTI4NiwidXJsIjoiaHR0cHM6XC9cL2Rhbm55ZGVtaXJhbmRhLmNvbS5iclwvd3AtY29udGVudFwvdXBsb2Fkc1wvMjAyNlwvMDRcLzE2MUE2NTY2LXNjYWxlZC5qcGcifQ%3D%3D\">\n\t\t\t\t\t\t\t<img fetchpriority=\"high\" decoding=\"async\" width=\"950\" height=\"634\" src=\"https:\/\/dannydemiranda.com.br\/wp-content\/uploads\/2026\/04\/161A6566-1024x683.jpg\" class=\"attachment-large size-large wp-image-1286\" alt=\"\" srcset=\"https:\/\/dannydemiranda.com.br\/wp-content\/uploads\/2026\/04\/161A6566-1024x683.jpg 1024w, https:\/\/dannydemiranda.com.br\/wp-content\/uploads\/2026\/04\/161A6566-300x200.jpg 300w, https:\/\/dannydemiranda.com.br\/wp-content\/uploads\/2026\/04\/161A6566-2000x1333.jpg 2000w, https:\/\/dannydemiranda.com.br\/wp-content\/uploads\/2026\/04\/161A6566-scaled-1536x1024.jpg 1536w, https:\/\/dannydemiranda.com.br\/wp-content\/uploads\/2026\/04\/161A6566-scaled-2048x1365.jpg 2048w\" sizes=\"100vw\" \/>\t\t\t\t\t\t\t\t<\/a>\n\t\t\t\t\t\t\t\t\t\t\t\t\t\t\t<\/div>\n\t\t\t\t<\/div>\n\t\t\t\t<\/div>\n\t\t<div class=\"elementor-element elementor-element-ad6da3a e-con-full e-flex e-con e-child\" data-id=\"ad6da3a\" data-element_type=\"container\" data-e-type=\"container\">\n\t\t\t\t<\/div>\n\t\t\t\t\t<\/div>\n\t\t\t\t<\/div>\n\t\t\t\t<\/div>\n\t\t","protected":false},"excerpt":{"rendered":"<p>A hist\u00f3ria de Daniel de Miranda \u00e9 marcada por viagens, descobertas e uma paix\u00e3o constante pela arte e pela vida. Nascido em Campinas (SP), em 1994, filho de Liana John e Evaristo de Miranda, Daniel cresceu explorando o Brasil e o mundo, acumulando experi\u00eancias. Elas moldaram sua trajet\u00f3ria desde cedo. Ainda crian\u00e7a, j\u00e1 havia conhecido &hellip; <\/p>\n<p class=\"link-more\"><a href=\"https:\/\/dannydemiranda.com.br\/?page_id=15\" class=\"more-link\">Read more<span class=\"screen-reader-text\"> &#8220;Me conhe\u00e7a&#8221;<\/span><\/a><\/p>\n","protected":false},"author":1,"featured_media":0,"parent":0,"menu_order":0,"comment_status":"closed","ping_status":"closed","template":"","meta":{"inspiro_hide_title":false,"footnotes":""},"class_list":["post-15","page","type-page","status-publish","hentry"],"_links":{"self":[{"href":"https:\/\/dannydemiranda.com.br\/index.php?rest_route=\/wp\/v2\/pages\/15","targetHints":{"allow":["GET"]}}],"collection":[{"href":"https:\/\/dannydemiranda.com.br\/index.php?rest_route=\/wp\/v2\/pages"}],"about":[{"href":"https:\/\/dannydemiranda.com.br\/index.php?rest_route=\/wp\/v2\/types\/page"}],"author":[{"embeddable":true,"href":"https:\/\/dannydemiranda.com.br\/index.php?rest_route=\/wp\/v2\/users\/1"}],"replies":[{"embeddable":true,"href":"https:\/\/dannydemiranda.com.br\/index.php?rest_route=%2Fwp%2Fv2%2Fcomments&post=15"}],"version-history":[{"count":91,"href":"https:\/\/dannydemiranda.com.br\/index.php?rest_route=\/wp\/v2\/pages\/15\/revisions"}],"predecessor-version":[{"id":1289,"href":"https:\/\/dannydemiranda.com.br\/index.php?rest_route=\/wp\/v2\/pages\/15\/revisions\/1289"}],"wp:attachment":[{"href":"https:\/\/dannydemiranda.com.br\/index.php?rest_route=%2Fwp%2Fv2%2Fmedia&parent=15"}],"curies":[{"name":"wp","href":"https:\/\/api.w.org\/{rel}","templated":true}]}}