{"id":149,"date":"2025-11-24T15:03:44","date_gmt":"2025-11-24T18:03:44","guid":{"rendered":"https:\/\/dannydemiranda.com.br\/?page_id=149"},"modified":"2026-04-06T10:59:10","modified_gmt":"2026-04-06T13:59:10","slug":"artigos","status":"publish","type":"page","link":"https:\/\/dannydemiranda.com.br\/?page_id=149","title":{"rendered":"Artigos"},"content":{"rendered":"\t\t<div data-elementor-type=\"wp-page\" data-elementor-id=\"149\" class=\"elementor elementor-149\">\n\t\t\t\t<div class=\"elementor-element elementor-element-55fb35b e-flex e-con-boxed e-con e-parent\" data-id=\"55fb35b\" data-element_type=\"container\" data-e-type=\"container\">\n\t\t\t\t\t<div class=\"e-con-inner\">\n\t\t\t\t<div class=\"elementor-element elementor-element-1dd422e elementor-widget elementor-widget-text-editor\" data-id=\"1dd422e\" data-element_type=\"widget\" data-e-type=\"widget\" data-widget_type=\"text-editor.default\">\n\t\t\t\t<div class=\"elementor-widget-container\">\n\t\t\t\t\t\t\t\t\t<p><em>(p\u00e1gina em constru\u00e7\u00e3o)<\/em><\/p>\t\t\t\t\t\t\t\t<\/div>\n\t\t\t\t<\/div>\n\t\t\t\t<div class=\"elementor-element elementor-element-cecc4a6 elementor-widget elementor-widget-text-editor\" data-id=\"cecc4a6\" data-element_type=\"widget\" data-e-type=\"widget\" data-widget_type=\"text-editor.default\">\n\t\t\t\t<div class=\"elementor-widget-container\">\n\t\t\t\t\t\t\t\t\t<p><strong>Daniel de Miranda<\/strong>. <a href=\"http:\/\/dannydemiranda.com.br\/wp-content\/uploads\/2025\/12\/AEficienciaDosDeficientesCorreioPopular.pdf\" target=\"_blank\" rel=\"noopener\">A Efici\u00eancia dos Deficientes em Campinas<\/a>. Correio Popular. Campinas \u2013 SP, 21 de mar\u00e7o de 2024.\u00a0<\/p>\t\t\t\t\t\t\t\t<\/div>\n\t\t\t\t<\/div>\n\t\t\t\t<div class=\"elementor-element elementor-element-cde4107 elementor-widget elementor-widget-text-editor\" data-id=\"cde4107\" data-element_type=\"widget\" data-e-type=\"widget\" data-widget_type=\"text-editor.default\">\n\t\t\t\t<div class=\"elementor-widget-container\">\n\t\t\t\t\t\t\t\t\t<p><strong>Moacyr Castro<\/strong>. <a href=\"http:\/\/dannydemiranda.com.br\/wp-content\/uploads\/2025\/12\/Artigo-Acriancar-2002-rotated.jpg\" target=\"_blank\" rel=\"noopener\">Acrian\u00e7ar 2002<\/a>. Correio Popular. Campinas \u2013 SP, 01 de janeiro de 2002.\u00a0<\/p>\t\t\t\t\t\t\t\t<\/div>\n\t\t\t\t<\/div>\n\t\t\t\t<div class=\"elementor-element elementor-element-11b3ce8 elementor-widget elementor-widget-text-editor\" data-id=\"11b3ce8\" data-element_type=\"widget\" data-e-type=\"widget\" data-widget_type=\"text-editor.default\">\n\t\t\t\t<div class=\"elementor-widget-container\">\n\t\t\t\t\t\t\t\t\t<p><strong>Suzamara Santos.<\/strong> <a href=\"http:\/\/dannydemiranda.com.br\/wp-content\/uploads\/2026\/04\/Muito-alem-do-cromosso-21-Suzamara-Santos-31-de-maio-1998-participacao-do-Daniel.pdf\" target=\"_blank\" rel=\"noopener\">Muito al\u00e9m do cromossomo 21<\/a>. Revista Correio Popular. Ano II, N\u00ba 62. Campinas &#8211; SP, 31 de maio de 1998.\u00a0<\/p>\t\t\t\t\t\t\t\t<\/div>\n\t\t\t\t<\/div>\n\t\t\t\t\t<\/div>\n\t\t\t\t<\/div>\n\t\t\t\t<\/div>\n\t\t","protected":false},"excerpt":{"rendered":"<p>(p\u00e1gina em constru\u00e7\u00e3o) Daniel de Miranda. A Efici\u00eancia dos Deficientes em Campinas. Correio Popular. Campinas \u2013 SP, 21 de mar\u00e7o de 2024.\u00a0 Moacyr Castro. Acrian\u00e7ar 2002. Correio Popular. Campinas \u2013 SP, 01 de janeiro de 2002.\u00a0 Suzamara Santos. Muito al\u00e9m do cromossomo 21. Revista Correio Popular. Ano II, N\u00ba 62. Campinas &#8211; SP, 31 de &hellip; <\/p>\n<p class=\"link-more\"><a href=\"https:\/\/dannydemiranda.com.br\/?page_id=149\" class=\"more-link\">Read more<span class=\"screen-reader-text\"> &#8220;Artigos&#8221;<\/span><\/a><\/p>\n","protected":false},"author":1,"featured_media":0,"parent":0,"menu_order":0,"comment_status":"closed","ping_status":"closed","template":"","meta":{"inspiro_hide_title":false,"footnotes":""},"class_list":["post-149","page","type-page","status-publish","hentry"],"_links":{"self":[{"href":"https:\/\/dannydemiranda.com.br\/index.php?rest_route=\/wp\/v2\/pages\/149","targetHints":{"allow":["GET"]}}],"collection":[{"href":"https:\/\/dannydemiranda.com.br\/index.php?rest_route=\/wp\/v2\/pages"}],"about":[{"href":"https:\/\/dannydemiranda.com.br\/index.php?rest_route=\/wp\/v2\/types\/page"}],"author":[{"embeddable":true,"href":"https:\/\/dannydemiranda.com.br\/index.php?rest_route=\/wp\/v2\/users\/1"}],"replies":[{"embeddable":true,"href":"https:\/\/dannydemiranda.com.br\/index.php?rest_route=%2Fwp%2Fv2%2Fcomments&post=149"}],"version-history":[{"count":22,"href":"https:\/\/dannydemiranda.com.br\/index.php?rest_route=\/wp\/v2\/pages\/149\/revisions"}],"predecessor-version":[{"id":1274,"href":"https:\/\/dannydemiranda.com.br\/index.php?rest_route=\/wp\/v2\/pages\/149\/revisions\/1274"}],"wp:attachment":[{"href":"https:\/\/dannydemiranda.com.br\/index.php?rest_route=%2Fwp%2Fv2%2Fmedia&parent=149"}],"curies":[{"name":"wp","href":"https:\/\/api.w.org\/{rel}","templated":true}]}}