{"id":142,"date":"2025-11-24T15:01:48","date_gmt":"2025-11-24T18:01:48","guid":{"rendered":"https:\/\/dannydemiranda.com.br\/?page_id=142"},"modified":"2026-04-06T10:44:56","modified_gmt":"2026-04-06T13:44:56","slug":"entrevistas","status":"publish","type":"page","link":"https:\/\/dannydemiranda.com.br\/?page_id=142","title":{"rendered":"Entrevistas"},"content":{"rendered":"\t\t<div data-elementor-type=\"wp-page\" data-elementor-id=\"142\" class=\"elementor elementor-142\">\n\t\t\t\t<div class=\"elementor-element elementor-element-4dc6f28 e-flex e-con-boxed e-con e-parent\" data-id=\"4dc6f28\" data-element_type=\"container\" data-e-type=\"container\">\n\t\t\t\t\t<div class=\"e-con-inner\">\n\t\t\t\t<div class=\"elementor-element elementor-element-23b28aa elementor-widget elementor-widget-text-editor\" data-id=\"23b28aa\" data-element_type=\"widget\" data-e-type=\"widget\" data-widget_type=\"text-editor.default\">\n\t\t\t\t<div class=\"elementor-widget-container\">\n\t\t\t\t\t\t\t\t\t<p><em>(p\u00e1gina em constru\u00e7\u00e3o)<\/em><\/p>\t\t\t\t\t\t\t\t<\/div>\n\t\t\t\t<\/div>\n\t\t\t\t<div class=\"elementor-element elementor-element-33136d7 elementor-widget elementor-widget-text-editor\" data-id=\"33136d7\" data-element_type=\"widget\" data-e-type=\"widget\" data-widget_type=\"text-editor.default\">\n\t\t\t\t<div class=\"elementor-widget-container\">\n\t\t\t\t\t\t\t\t\t<h2>Entrevistas com Danny de Miranda<\/h2>\t\t\t\t\t\t\t\t<\/div>\n\t\t\t\t<\/div>\n\t\t\t\t\t<\/div>\n\t\t\t\t<\/div>\n\t\t<div class=\"elementor-element elementor-element-1274cf8 e-flex e-con-boxed e-con e-parent\" data-id=\"1274cf8\" data-element_type=\"container\" data-e-type=\"container\">\n\t\t\t\t\t<div class=\"e-con-inner\">\n\t\t<div class=\"elementor-element elementor-element-a925e3b e-con-full e-flex e-con e-child\" data-id=\"a925e3b\" data-element_type=\"container\" data-e-type=\"container\">\n\t\t\t\t<div class=\"elementor-element elementor-element-c12d023 elementor-widget elementor-widget-image\" data-id=\"c12d023\" data-element_type=\"widget\" data-e-type=\"widget\" data-widget_type=\"image.default\">\n\t\t\t\t<div class=\"elementor-widget-container\">\n\t\t\t\t\t\t\t\t\t\t\t\t\t\t\t\t<a href=\"https:\/\/g1.globo.com\/sp\/campinas-regiao\/noticia\/youtubers-com-down-conquistam-empoderamento-a-partir-da-inclusao-digital-para-acabar-com-era-preconceituosa.ghtml\" target=\"_blank\">\n\t\t\t\t\t\t\t<img fetchpriority=\"high\" decoding=\"async\" width=\"798\" height=\"492\" src=\"https:\/\/dannydemiranda.com.br\/wp-content\/uploads\/2026\/04\/Captura-de-tela-2026-04-06-095238.png\" class=\"attachment-large size-large wp-image-1234\" alt=\"\" srcset=\"https:\/\/dannydemiranda.com.br\/wp-content\/uploads\/2026\/04\/Captura-de-tela-2026-04-06-095238.png 798w, https:\/\/dannydemiranda.com.br\/wp-content\/uploads\/2026\/04\/Captura-de-tela-2026-04-06-095238-300x185.png 300w\" sizes=\"100vw\" \/>\t\t\t\t\t\t\t\t<\/a>\n\t\t\t\t\t\t\t\t\t\t\t\t\t\t\t<\/div>\n\t\t\t\t<\/div>\n\t\t\t\t<\/div>\n\t\t<div class=\"elementor-element elementor-element-8484b15 e-con-full e-flex e-con e-child\" data-id=\"8484b15\" data-element_type=\"container\" data-e-type=\"container\">\n\t\t\t\t<div class=\"elementor-element elementor-element-7bb21f9 elementor-widget elementor-widget-text-editor\" data-id=\"7bb21f9\" data-element_type=\"widget\" data-e-type=\"widget\" data-widget_type=\"text-editor.default\">\n\t\t\t\t<div class=\"elementor-widget-container\">\n\t\t\t\t\t\t\t\t\t<p>Entrevistado na reportagem &#8220;<a href=\"https:\/\/g1.globo.com\/sp\/campinas-regiao\/noticia\/youtubers-com-down-conquistam-empoderamento-a-partir-da-inclusao-digital-para-acabar-com-era-preconceituosa.ghtml\" target=\"_blank\" rel=\"noopener\">Youtubers com Down conquistam empoderamento a partir da inclus\u00e3o digital: &#8216;Eles podem tudo'&#8221;<\/a>, G1 Campinas, 21 de mar\u00e7o de 2018.\u00a0<\/p>\t\t\t\t\t\t\t\t<\/div>\n\t\t\t\t<\/div>\n\t\t\t\t<div class=\"elementor-element elementor-element-e5939a1 elementor-widget elementor-widget-text-editor\" data-id=\"e5939a1\" data-element_type=\"widget\" data-e-type=\"widget\" data-widget_type=\"text-editor.default\">\n\t\t\t\t<div class=\"elementor-widget-container\">\n\t\t\t\t\t\t\t\t\t<p><a href=\"http:\/\/dannydemiranda.com.br\/wp-content\/uploads\/2026\/04\/Youtubers-com-Down-conquistam-empoderamento-a-partir-da-inclusao-digital_-Eles-podem-tudo-_-G1.pdf\" target=\"_blank\" rel=\"noopener\">Entrevista em PDF\u00a0<\/a><\/p>\t\t\t\t\t\t\t\t<\/div>\n\t\t\t\t<\/div>\n\t\t\t\t<\/div>\n\t\t\t\t\t<\/div>\n\t\t\t\t<\/div>\n\t\t<div class=\"elementor-element elementor-element-dc80bd3 e-flex e-con-boxed e-con e-parent\" data-id=\"dc80bd3\" data-element_type=\"container\" data-e-type=\"container\">\n\t\t\t\t\t<div class=\"e-con-inner\">\n\t\t<div class=\"elementor-element elementor-element-66d4e4e e-con-full e-flex e-con e-child\" data-id=\"66d4e4e\" data-element_type=\"container\" data-e-type=\"container\">\n\t\t\t\t<div class=\"elementor-element elementor-element-6ae841f elementor-widget elementor-widget-video\" data-id=\"6ae841f\" data-element_type=\"widget\" data-e-type=\"widget\" data-settings=\"{&quot;youtube_url&quot;:&quot;https:\\\/\\\/youtu.be\\\/8l5TfwHNhF4&quot;,&quot;video_type&quot;:&quot;youtube&quot;,&quot;controls&quot;:&quot;yes&quot;}\" data-widget_type=\"video.default\">\n\t\t\t\t<div class=\"elementor-widget-container\">\n\t\t\t\t\t\t\t<div class=\"elementor-wrapper elementor-open-inline\">\n\t\t\t<div class=\"elementor-video\"><\/div>\t\t<\/div>\n\t\t\t\t\t\t<\/div>\n\t\t\t\t<\/div>\n\t\t\t\t<\/div>\n\t\t<div class=\"elementor-element elementor-element-96dd81e e-con-full e-flex e-con e-child\" data-id=\"96dd81e\" data-element_type=\"container\" data-e-type=\"container\">\n\t\t\t\t<div class=\"elementor-element elementor-element-d49c6da elementor-widget elementor-widget-text-editor\" data-id=\"d49c6da\" data-element_type=\"widget\" data-e-type=\"widget\" data-widget_type=\"text-editor.default\">\n\t\t\t\t<div class=\"elementor-widget-container\">\n\t\t\t\t\t\t\t\t\t<p>Entrevistado junto ao Espa\u00e7o Aberto Projeto Mano Down na Tv C\u00e2mara Campinas &#8211; SP, em 06 de setembro de 2015.<\/p>\t\t\t\t\t\t\t\t<\/div>\n\t\t\t\t<\/div>\n\t\t\t\t<\/div>\n\t\t\t\t\t<\/div>\n\t\t\t\t<\/div>\n\t\t<div class=\"elementor-element elementor-element-b8e929b e-flex e-con-boxed e-con e-parent\" data-id=\"b8e929b\" data-element_type=\"container\" data-e-type=\"container\">\n\t\t\t\t\t<div class=\"e-con-inner\">\n\t\t\t\t<div class=\"elementor-element elementor-element-d798766 elementor-widget elementor-widget-text-editor\" data-id=\"d798766\" data-element_type=\"widget\" data-e-type=\"widget\" data-widget_type=\"text-editor.default\">\n\t\t\t\t<div class=\"elementor-widget-container\">\n\t\t\t\t\t\t\t\t\t<h2>Entrevistas feitas por Danny de Miranda\u00a0<\/h2>\t\t\t\t\t\t\t\t<\/div>\n\t\t\t\t<\/div>\n\t\t\t\t\t<\/div>\n\t\t\t\t<\/div>\n\t\t<div class=\"elementor-element elementor-element-96bd62a e-flex e-con-boxed e-con e-parent\" data-id=\"96bd62a\" data-element_type=\"container\" data-e-type=\"container\">\n\t\t\t\t\t<div class=\"e-con-inner\">\n\t\t<div class=\"elementor-element elementor-element-8a2944b e-con-full e-flex e-con e-child\" data-id=\"8a2944b\" data-element_type=\"container\" data-e-type=\"container\">\n\t\t\t\t<div class=\"elementor-element elementor-element-88f2392 elementor-widget elementor-widget-video\" data-id=\"88f2392\" data-element_type=\"widget\" data-e-type=\"widget\" data-settings=\"{&quot;youtube_url&quot;:&quot;https:\\\/\\\/youtu.be\\\/poThPV8BZek&quot;,&quot;video_type&quot;:&quot;youtube&quot;,&quot;controls&quot;:&quot;yes&quot;}\" data-widget_type=\"video.default\">\n\t\t\t\t<div class=\"elementor-widget-container\">\n\t\t\t\t\t\t\t<div class=\"elementor-wrapper elementor-open-inline\">\n\t\t\t<div class=\"elementor-video\"><\/div>\t\t<\/div>\n\t\t\t\t\t\t<\/div>\n\t\t\t\t<\/div>\n\t\t\t\t<\/div>\n\t\t<div class=\"elementor-element elementor-element-8cfdccb e-con-full e-flex e-con e-child\" data-id=\"8cfdccb\" data-element_type=\"container\" data-e-type=\"container\">\n\t\t\t\t<div class=\"elementor-element elementor-element-5131910 elementor-widget elementor-widget-text-editor\" data-id=\"5131910\" data-element_type=\"widget\" data-e-type=\"widget\" data-widget_type=\"text-editor.default\">\n\t\t\t\t<div class=\"elementor-widget-container\">\n\t\t\t\t\t\t\t\t\t<p>Entrevista feita por Danny de Miranda em 31 de outubro de 2011, com o tema &#8220;estragos no condom\u00ednio&#8221;.<\/p>\t\t\t\t\t\t\t\t<\/div>\n\t\t\t\t<\/div>\n\t\t\t\t<\/div>\n\t\t\t\t\t<\/div>\n\t\t\t\t<\/div>\n\t\t<div class=\"elementor-element elementor-element-bfdf19c e-flex e-con-boxed e-con e-parent\" data-id=\"bfdf19c\" data-element_type=\"container\" data-e-type=\"container\">\n\t\t\t\t\t<div class=\"e-con-inner\">\n\t\t<div class=\"elementor-element elementor-element-5b37542 e-con-full e-flex e-con e-child\" data-id=\"5b37542\" data-element_type=\"container\" data-e-type=\"container\">\n\t\t\t\t<div class=\"elementor-element elementor-element-5bf3f55 elementor-widget elementor-widget-video\" data-id=\"5bf3f55\" data-element_type=\"widget\" data-e-type=\"widget\" data-settings=\"{&quot;youtube_url&quot;:&quot;https:\\\/\\\/youtu.be\\\/9SdzaNb3YMU&quot;,&quot;video_type&quot;:&quot;youtube&quot;,&quot;controls&quot;:&quot;yes&quot;}\" data-widget_type=\"video.default\">\n\t\t\t\t<div class=\"elementor-widget-container\">\n\t\t\t\t\t\t\t<div class=\"elementor-wrapper elementor-open-inline\">\n\t\t\t<div class=\"elementor-video\"><\/div>\t\t<\/div>\n\t\t\t\t\t\t<\/div>\n\t\t\t\t<\/div>\n\t\t\t\t<\/div>\n\t\t<div class=\"elementor-element elementor-element-49b3931 e-con-full e-flex e-con e-child\" data-id=\"49b3931\" data-element_type=\"container\" data-e-type=\"container\">\n\t\t\t\t<div class=\"elementor-element elementor-element-e26833c elementor-widget elementor-widget-text-editor\" data-id=\"e26833c\" data-element_type=\"widget\" data-e-type=\"widget\" data-widget_type=\"text-editor.default\">\n\t\t\t\t<div class=\"elementor-widget-container\">\n\t\t\t\t\t\t\t\t\t<p>Entrevista feita por Danny de Miranda em 31 de outubro de 2011, com o tema &#8220;desastres na escola&#8221;.<\/p>\t\t\t\t\t\t\t\t<\/div>\n\t\t\t\t<\/div>\n\t\t\t\t<\/div>\n\t\t\t\t\t<\/div>\n\t\t\t\t<\/div>\n\t\t\t\t<\/div>\n\t\t","protected":false},"excerpt":{"rendered":"<p>(p\u00e1gina em constru\u00e7\u00e3o) Entrevistas com Danny de Miranda Entrevistado na reportagem &#8220;Youtubers com Down conquistam empoderamento a partir da inclus\u00e3o digital: &#8216;Eles podem tudo&#8217;&#8221;, G1 Campinas, 21 de mar\u00e7o de 2018.\u00a0 Entrevista em PDF\u00a0 https:\/\/youtu.be\/8l5TfwHNhF4 Entrevistado junto ao Espa\u00e7o Aberto Projeto Mano Down na Tv C\u00e2mara Campinas &#8211; SP, em 06 de setembro de 2015. &hellip; <\/p>\n<p class=\"link-more\"><a href=\"https:\/\/dannydemiranda.com.br\/?page_id=142\" class=\"more-link\">Read more<span class=\"screen-reader-text\"> &#8220;Entrevistas&#8221;<\/span><\/a><\/p>\n","protected":false},"author":1,"featured_media":0,"parent":0,"menu_order":0,"comment_status":"closed","ping_status":"closed","template":"","meta":{"inspiro_hide_title":false,"footnotes":""},"class_list":["post-142","page","type-page","status-publish","hentry"],"_links":{"self":[{"href":"https:\/\/dannydemiranda.com.br\/index.php?rest_route=\/wp\/v2\/pages\/142","targetHints":{"allow":["GET"]}}],"collection":[{"href":"https:\/\/dannydemiranda.com.br\/index.php?rest_route=\/wp\/v2\/pages"}],"about":[{"href":"https:\/\/dannydemiranda.com.br\/index.php?rest_route=\/wp\/v2\/types\/page"}],"author":[{"embeddable":true,"href":"https:\/\/dannydemiranda.com.br\/index.php?rest_route=\/wp\/v2\/users\/1"}],"replies":[{"embeddable":true,"href":"https:\/\/dannydemiranda.com.br\/index.php?rest_route=%2Fwp%2Fv2%2Fcomments&post=142"}],"version-history":[{"count":22,"href":"https:\/\/dannydemiranda.com.br\/index.php?rest_route=\/wp\/v2\/pages\/142\/revisions"}],"predecessor-version":[{"id":1267,"href":"https:\/\/dannydemiranda.com.br\/index.php?rest_route=\/wp\/v2\/pages\/142\/revisions\/1267"}],"wp:attachment":[{"href":"https:\/\/dannydemiranda.com.br\/index.php?rest_route=%2Fwp%2Fv2%2Fmedia&parent=142"}],"curies":[{"name":"wp","href":"https:\/\/api.w.org\/{rel}","templated":true}]}}