{"id":137,"date":"2025-11-24T15:00:53","date_gmt":"2025-11-24T18:00:53","guid":{"rendered":"https:\/\/dannydemiranda.com.br\/?page_id=137"},"modified":"2026-04-06T11:09:01","modified_gmt":"2026-04-06T14:09:01","slug":"palestras","status":"publish","type":"page","link":"https:\/\/dannydemiranda.com.br\/?page_id=137","title":{"rendered":"Palestras"},"content":{"rendered":"\t\t<div data-elementor-type=\"wp-page\" data-elementor-id=\"137\" class=\"elementor elementor-137\">\n\t\t\t\t<div class=\"elementor-element elementor-element-12707a4 e-flex e-con-boxed e-con e-parent\" data-id=\"12707a4\" data-element_type=\"container\" data-e-type=\"container\">\n\t\t\t\t\t<div class=\"e-con-inner\">\n\t\t\t\t<div class=\"elementor-element elementor-element-2263fd3 elementor-widget elementor-widget-text-editor\" data-id=\"2263fd3\" data-element_type=\"widget\" data-e-type=\"widget\" data-widget_type=\"text-editor.default\">\n\t\t\t\t<div class=\"elementor-widget-container\">\n\t\t\t\t\t\t\t\t\t<h2>2025<\/h2>\t\t\t\t\t\t\t\t<\/div>\n\t\t\t\t<\/div>\n\t\t\t\t<div class=\"elementor-element elementor-element-afac20c elementor-widget elementor-widget-text-editor\" data-id=\"afac20c\" data-element_type=\"widget\" data-e-type=\"widget\" data-widget_type=\"text-editor.default\">\n\t\t\t\t<div class=\"elementor-widget-container\">\n\t\t\t\t\t\t\t\t\t<p>Palestrante na Associa\u00e7\u00e3o de Dirigentes Crist\u00e3os de Empresa (ADCE) Campinas, em 15 de dezembro de 2025, com a palestra \u201c<a href=\"http:\/\/dannydemiranda.com.br\/wp-content\/uploads\/2025\/12\/251215-APRESENTACAO-DANIEL-ADCE-CAMPINAS.pdf\" target=\"_blank\" rel=\"noopener\">S\u00edndrome de Down e Inclus\u00e3o<\/a>&#8220;.<\/p>\t\t\t\t\t\t\t\t<\/div>\n\t\t\t\t<\/div>\n\t\t\t\t\t<\/div>\n\t\t\t\t<\/div>\n\t\t<div class=\"elementor-element elementor-element-03b9604 e-flex e-con-boxed e-con e-parent\" data-id=\"03b9604\" data-element_type=\"container\" data-e-type=\"container\">\n\t\t\t\t\t<div class=\"e-con-inner\">\n\t\t<div class=\"elementor-element elementor-element-9f99b75 e-con-full e-flex e-con e-child\" data-id=\"9f99b75\" data-element_type=\"container\" data-e-type=\"container\">\n\t\t\t\t<\/div>\n\t\t<div class=\"elementor-element elementor-element-982f440 e-con-full e-flex e-con e-child\" data-id=\"982f440\" data-element_type=\"container\" data-e-type=\"container\">\n\t\t\t\t<div class=\"elementor-element elementor-element-d9eb24d elementor-widget elementor-widget-image\" data-id=\"d9eb24d\" data-element_type=\"widget\" data-e-type=\"widget\" data-widget_type=\"image.default\">\n\t\t\t\t<div class=\"elementor-widget-container\">\n\t\t\t\t\t\t\t\t\t\t\t\t\t\t\t\t<a href=\"http:\/\/dannydemiranda.com.br\/wp-content\/uploads\/2025\/12\/251215-APRESENTACAO-DANIEL-ADCE-CAMPINAS.pdf\" target=\"_blank\">\n\t\t\t\t\t\t\t<img fetchpriority=\"high\" decoding=\"async\" width=\"950\" height=\"533\" src=\"https:\/\/dannydemiranda.com.br\/wp-content\/uploads\/2026\/04\/Captura-de-tela-2026-04-06-110422-1024x575.png\" class=\"attachment-large size-large wp-image-1281\" alt=\"\" srcset=\"https:\/\/dannydemiranda.com.br\/wp-content\/uploads\/2026\/04\/Captura-de-tela-2026-04-06-110422-1024x575.png 1024w, https:\/\/dannydemiranda.com.br\/wp-content\/uploads\/2026\/04\/Captura-de-tela-2026-04-06-110422-300x168.png 300w, https:\/\/dannydemiranda.com.br\/wp-content\/uploads\/2026\/04\/Captura-de-tela-2026-04-06-110422.png 1270w\" sizes=\"100vw\" \/>\t\t\t\t\t\t\t\t<\/a>\n\t\t\t\t\t\t\t\t\t\t\t\t\t\t\t<\/div>\n\t\t\t\t<\/div>\n\t\t\t\t<\/div>\n\t\t<div class=\"elementor-element elementor-element-51779b6 e-con-full e-flex e-con e-child\" data-id=\"51779b6\" data-element_type=\"container\" data-e-type=\"container\">\n\t\t\t\t<\/div>\n\t\t\t\t\t<\/div>\n\t\t\t\t<\/div>\n\t\t<div class=\"elementor-element elementor-element-7398147 e-flex e-con-boxed e-con e-parent\" data-id=\"7398147\" data-element_type=\"container\" data-e-type=\"container\">\n\t\t\t\t\t<div class=\"e-con-inner\">\n\t\t\t\t<div class=\"elementor-element elementor-element-91a17fd elementor-widget elementor-widget-text-editor\" data-id=\"91a17fd\" data-element_type=\"widget\" data-e-type=\"widget\" data-widget_type=\"text-editor.default\">\n\t\t\t\t<div class=\"elementor-widget-container\">\n\t\t\t\t\t\t\t\t\t<p>Palestrante na TV Correio Popular, Daniel falou sobre o <a href=\"https:\/\/www.youtube.com\/@DownNews21\" target=\"_blank\" rel=\"noopener\">Down News<\/a>, abordando a <a href=\"https:\/\/www.youtube.com\/watch?v=zFQOTbAgzXw\" target=\"_blank\" rel=\"noopener\">S\u00edndrome de Down e destacando o potencial, as capacidades e as in\u00fameras conquistas que pessoas com Down s\u00e3o plenamente capazes de alcan\u00e7ar<\/a>.<\/p>\t\t\t\t\t\t\t\t<\/div>\n\t\t\t\t<\/div>\n\t\t\t\t\t<\/div>\n\t\t\t\t<\/div>\n\t\t<div class=\"elementor-element elementor-element-eff8fbe e-flex e-con-boxed e-con e-parent\" data-id=\"eff8fbe\" data-element_type=\"container\" data-e-type=\"container\">\n\t\t\t\t\t<div class=\"e-con-inner\">\n\t\t<div class=\"elementor-element elementor-element-b1dbfb3 e-con-full e-flex e-con e-child\" data-id=\"b1dbfb3\" data-element_type=\"container\" data-e-type=\"container\">\n\t\t\t\t<\/div>\n\t\t<div class=\"elementor-element elementor-element-4544083 e-con-full e-flex e-con e-child\" data-id=\"4544083\" data-element_type=\"container\" data-e-type=\"container\">\n\t\t\t\t<div class=\"elementor-element elementor-element-f6f3395 elementor-widget elementor-widget-video\" data-id=\"f6f3395\" data-element_type=\"widget\" data-e-type=\"widget\" data-settings=\"{&quot;youtube_url&quot;:&quot;https:\\\/\\\/www.youtube.com\\\/watch?v=zFQOTbAgzXw&quot;,&quot;video_type&quot;:&quot;youtube&quot;,&quot;controls&quot;:&quot;yes&quot;}\" data-widget_type=\"video.default\">\n\t\t\t\t<div class=\"elementor-widget-container\">\n\t\t\t\t\t\t\t<div class=\"elementor-wrapper elementor-open-inline\">\n\t\t\t<div class=\"elementor-video\"><\/div>\t\t<\/div>\n\t\t\t\t\t\t<\/div>\n\t\t\t\t<\/div>\n\t\t\t\t<\/div>\n\t\t<div class=\"elementor-element elementor-element-45ead96 e-con-full e-flex e-con e-child\" data-id=\"45ead96\" data-element_type=\"container\" data-e-type=\"container\">\n\t\t\t\t<\/div>\n\t\t\t\t\t<\/div>\n\t\t\t\t<\/div>\n\t\t<div class=\"elementor-element elementor-element-ae017e0 e-flex e-con-boxed e-con e-parent\" data-id=\"ae017e0\" data-element_type=\"container\" data-e-type=\"container\">\n\t\t\t\t\t<div class=\"e-con-inner\">\n\t\t\t\t<div class=\"elementor-element elementor-element-5584f04 elementor-widget elementor-widget-text-editor\" data-id=\"5584f04\" data-element_type=\"widget\" data-e-type=\"widget\" data-widget_type=\"text-editor.default\">\n\t\t\t\t<div class=\"elementor-widget-container\">\n\t\t\t\t\t\t\t\t\t<h3>2019<\/h3>\t\t\t\t\t\t\t\t<\/div>\n\t\t\t\t<\/div>\n\t\t\t\t<div class=\"elementor-element elementor-element-9a084a4 elementor-widget elementor-widget-text-editor\" data-id=\"9a084a4\" data-element_type=\"widget\" data-e-type=\"widget\" data-widget_type=\"text-editor.default\">\n\t\t\t\t<div class=\"elementor-widget-container\">\n\t\t\t\t\t\t\t\t\t<p>Palestrante no VII Semin\u00e1rio e VI Jornada de Atualiza\u00e7\u00e3o em S\u00edndrome de Down na Assembleia Legislativa de SC sobre <a href=\"https:\/\/www.youtube.com\/watch?v=xB9YgMPjI1E\" target=\"_blank\" rel=\"noopener\">Autonomia e Combate ao Preconceito\u00a0<\/a><\/p>\t\t\t\t\t\t\t\t<\/div>\n\t\t\t\t<\/div>\n\t\t\t\t\t<\/div>\n\t\t\t\t<\/div>\n\t\t<div class=\"elementor-element elementor-element-2f2cfeb e-flex e-con-boxed e-con e-parent\" data-id=\"2f2cfeb\" data-element_type=\"container\" data-e-type=\"container\">\n\t\t\t\t\t<div class=\"e-con-inner\">\n\t\t<div class=\"elementor-element elementor-element-c7f7743 e-con-full e-flex e-con e-child\" data-id=\"c7f7743\" data-element_type=\"container\" data-e-type=\"container\">\n\t\t\t\t<\/div>\n\t\t<div class=\"elementor-element elementor-element-2932b18 e-con-full e-flex e-con e-child\" data-id=\"2932b18\" data-element_type=\"container\" data-e-type=\"container\">\n\t\t\t\t<div class=\"elementor-element elementor-element-43ad7a9 elementor-widget elementor-widget-video\" data-id=\"43ad7a9\" data-element_type=\"widget\" data-e-type=\"widget\" data-settings=\"{&quot;youtube_url&quot;:&quot;https:\\\/\\\/www.youtube.com\\\/watch?v=xB9YgMPjI1E&quot;,&quot;video_type&quot;:&quot;youtube&quot;,&quot;controls&quot;:&quot;yes&quot;}\" data-widget_type=\"video.default\">\n\t\t\t\t<div class=\"elementor-widget-container\">\n\t\t\t\t\t\t\t<div class=\"elementor-wrapper elementor-open-inline\">\n\t\t\t<div class=\"elementor-video\"><\/div>\t\t<\/div>\n\t\t\t\t\t\t<\/div>\n\t\t\t\t<\/div>\n\t\t\t\t<\/div>\n\t\t<div class=\"elementor-element elementor-element-4eba814 e-con-full e-flex e-con e-child\" data-id=\"4eba814\" data-element_type=\"container\" data-e-type=\"container\">\n\t\t\t\t<\/div>\n\t\t\t\t\t<\/div>\n\t\t\t\t<\/div>\n\t\t<div class=\"elementor-element elementor-element-273240f e-flex e-con-boxed e-con e-parent\" data-id=\"273240f\" data-element_type=\"container\" data-e-type=\"container\">\n\t\t\t\t\t<div class=\"e-con-inner\">\n\t\t\t\t<div class=\"elementor-element elementor-element-9aec6fa elementor-widget elementor-widget-text-editor\" data-id=\"9aec6fa\" data-element_type=\"widget\" data-e-type=\"widget\" data-widget_type=\"text-editor.default\">\n\t\t\t\t<div class=\"elementor-widget-container\">\n\t\t\t\t\t\t\t\t\t<p>Palestrante na C\u00e2mara Municipal de Limeira com o tema &#8220;<a href=\"https:\/\/g1.globo.com\/sp\/piracicaba-regiao\/noticia\/2019\/07\/10\/youtuber-portador-de-sindrome-de-down-realiza-palestra-e-bate-papo-em-limeira.ghtml\" target=\"_blank\" rel=\"noopener\">Autonomia X Preconceito<\/a>&#8220;, em 12 de julho de 2019.\u00a0<\/p>\t\t\t\t\t\t\t\t<\/div>\n\t\t\t\t<\/div>\n\t\t\t\t\t<\/div>\n\t\t\t\t<\/div>\n\t\t<div class=\"elementor-element elementor-element-899d1c1 e-flex e-con-boxed e-con e-parent\" data-id=\"899d1c1\" data-element_type=\"container\" data-e-type=\"container\">\n\t\t\t\t\t<div class=\"e-con-inner\">\n\t\t<div class=\"elementor-element elementor-element-a226a35 e-con-full e-flex e-con e-child\" data-id=\"a226a35\" data-element_type=\"container\" data-e-type=\"container\">\n\t\t\t\t<\/div>\n\t\t<div class=\"elementor-element elementor-element-88f9e31 e-con-full e-flex e-con e-child\" data-id=\"88f9e31\" data-element_type=\"container\" data-e-type=\"container\">\n\t\t\t\t<div class=\"elementor-element elementor-element-962e233 elementor-widget elementor-widget-image\" data-id=\"962e233\" data-element_type=\"widget\" data-e-type=\"widget\" data-widget_type=\"image.default\">\n\t\t\t\t<div class=\"elementor-widget-container\">\n\t\t\t\t\t\t\t\t\t\t\t\t\t\t\t\t<a href=\"https:\/\/g1.globo.com\/sp\/piracicaba-regiao\/noticia\/2019\/07\/10\/youtuber-portador-de-sindrome-de-down-realiza-palestra-e-bate-papo-em-limeira.ghtml\" target=\"_blank\">\n\t\t\t\t\t\t\t<img decoding=\"async\" width=\"795\" height=\"512\" src=\"https:\/\/dannydemiranda.com.br\/wp-content\/uploads\/2026\/04\/Captura-de-tela-2026-04-06-111051.png\" class=\"attachment-large size-large wp-image-1282\" alt=\"\" srcset=\"https:\/\/dannydemiranda.com.br\/wp-content\/uploads\/2026\/04\/Captura-de-tela-2026-04-06-111051.png 795w, https:\/\/dannydemiranda.com.br\/wp-content\/uploads\/2026\/04\/Captura-de-tela-2026-04-06-111051-300x193.png 300w\" sizes=\"100vw\" \/>\t\t\t\t\t\t\t\t<\/a>\n\t\t\t\t\t\t\t\t\t\t\t\t\t\t\t<\/div>\n\t\t\t\t<\/div>\n\t\t\t\t<\/div>\n\t\t<div class=\"elementor-element elementor-element-169c37a e-con-full e-flex e-con e-child\" data-id=\"169c37a\" data-element_type=\"container\" data-e-type=\"container\">\n\t\t\t\t<\/div>\n\t\t\t\t\t<\/div>\n\t\t\t\t<\/div>\n\t\t<div class=\"elementor-element elementor-element-697d5d4 e-flex e-con-boxed e-con e-parent\" data-id=\"697d5d4\" data-element_type=\"container\" data-e-type=\"container\">\n\t\t\t\t\t<div class=\"e-con-inner\">\n\t\t\t\t<div class=\"elementor-element elementor-element-6e958ed elementor-widget elementor-widget-text-editor\" data-id=\"6e958ed\" data-element_type=\"widget\" data-e-type=\"widget\" data-widget_type=\"text-editor.default\">\n\t\t\t\t<div class=\"elementor-widget-container\">\n\t\t\t\t\t\t\t\t\t<h3>2018<\/h3>\t\t\t\t\t\t\t\t<\/div>\n\t\t\t\t<\/div>\n\t\t\t\t<div class=\"elementor-element elementor-element-16a42cf elementor-widget elementor-widget-text-editor\" data-id=\"16a42cf\" data-element_type=\"widget\" data-e-type=\"widget\" data-widget_type=\"text-editor.default\">\n\t\t\t\t<div class=\"elementor-widget-container\">\n\t\t\t\t\t\t\t\t\t<p>Palestrante no Congresso WDSC Glasgow 2018 \u2013 <em data-start=\"107\" data-end=\"183\">Experience, Research and Practice: Widening Opportunities, Improving Lives<\/em> \u2013, realizado de 25 a 27 de julho em Glasgow, Esc\u00f3cia, apresentando o tema: &#8216;<a href=\"https:\/\/www.youtube.com\/watch?v=elvijokpE8M\" target=\"_blank\" rel=\"noopener\">S\u00edndrome de Down: como v\u00eddeos nas redes sociais ajudam jovens a aprender a tomar suas pr\u00f3prias decis\u00f5es<\/a>&#8216;.<\/p>\t\t\t\t\t\t\t\t<\/div>\n\t\t\t\t<\/div>\n\t\t\t\t\t<\/div>\n\t\t\t\t<\/div>\n\t\t<div class=\"elementor-element elementor-element-9bd681a e-flex e-con-boxed e-con e-parent\" data-id=\"9bd681a\" data-element_type=\"container\" data-e-type=\"container\">\n\t\t\t\t\t<div class=\"e-con-inner\">\n\t\t<div class=\"elementor-element elementor-element-6cabc94 e-con-full e-flex e-con e-child\" data-id=\"6cabc94\" data-element_type=\"container\" data-e-type=\"container\">\n\t\t\t\t<\/div>\n\t\t<div class=\"elementor-element elementor-element-ce62fe7 e-con-full e-flex e-con e-child\" data-id=\"ce62fe7\" data-element_type=\"container\" data-e-type=\"container\">\n\t\t\t\t<div class=\"elementor-element elementor-element-bc88cbd elementor-widget elementor-widget-video\" data-id=\"bc88cbd\" data-element_type=\"widget\" data-e-type=\"widget\" data-settings=\"{&quot;youtube_url&quot;:&quot;https:\\\/\\\/www.youtube.com\\\/watch?v=elvijokpE8M&quot;,&quot;video_type&quot;:&quot;youtube&quot;,&quot;controls&quot;:&quot;yes&quot;}\" data-widget_type=\"video.default\">\n\t\t\t\t<div class=\"elementor-widget-container\">\n\t\t\t\t\t\t\t<div class=\"elementor-wrapper elementor-open-inline\">\n\t\t\t<div class=\"elementor-video\"><\/div>\t\t<\/div>\n\t\t\t\t\t\t<\/div>\n\t\t\t\t<\/div>\n\t\t\t\t<\/div>\n\t\t<div class=\"elementor-element elementor-element-150e656 e-con-full e-flex e-con e-child\" data-id=\"150e656\" data-element_type=\"container\" data-e-type=\"container\">\n\t\t\t\t<\/div>\n\t\t\t\t\t<\/div>\n\t\t\t\t<\/div>\n\t\t<div class=\"elementor-element elementor-element-2fa831f e-flex e-con-boxed e-con e-parent\" data-id=\"2fa831f\" data-element_type=\"container\" data-e-type=\"container\">\n\t\t\t\t\t<div class=\"e-con-inner\">\n\t\t\t\t<div class=\"elementor-element elementor-element-aa7d0bd elementor-widget elementor-widget-text-editor\" data-id=\"aa7d0bd\" data-element_type=\"widget\" data-e-type=\"widget\" data-widget_type=\"text-editor.default\">\n\t\t\t\t<div class=\"elementor-widget-container\">\n\t\t\t\t\t\t\t\t\t<h3>2017<\/h3>\t\t\t\t\t\t\t\t<\/div>\n\t\t\t\t<\/div>\n\t\t\t\t<div class=\"elementor-element elementor-element-ba8da24 elementor-widget elementor-widget-text-editor\" data-id=\"ba8da24\" data-element_type=\"widget\" data-e-type=\"widget\" data-widget_type=\"text-editor.default\">\n\t\t\t\t<div class=\"elementor-widget-container\">\n\t\t\t\t\t\t\t\t\t<p>Palestrante na <strong>Reverbera<\/strong> \u2013 Semana Integrada do Centro de Linguagem e Comunica\u00e7\u00e3o da Pontif\u00edcia Universidade Cat\u00f3lica de Campinas (<strong>PUCC<\/strong>) \u2013, apresentando a palestra &#8216;O Profissional e a M\u00eddia Inclusiva&#8217; em 22 de maio.<\/p>\t\t\t\t\t\t\t\t<\/div>\n\t\t\t\t<\/div>\n\t\t\t\t<div class=\"elementor-element elementor-element-de22b1c elementor-widget elementor-widget-text-editor\" data-id=\"de22b1c\" data-element_type=\"widget\" data-e-type=\"widget\" data-widget_type=\"text-editor.default\">\n\t\t\t\t<div class=\"elementor-widget-container\">\n\t\t\t\t\t\t\t\t\t<p>Palestrante na V Noite de Palestras \u2013 <strong>ADI<\/strong> \u2013 Associa\u00e7\u00e3o Down de Itapira \u2013 \u201cO saber aprimorar o conviver\u201d em 24 de mar\u00e7o.<\/p>\t\t\t\t\t\t\t\t<\/div>\n\t\t\t\t<\/div>\n\t\t\t\t\t<\/div>\n\t\t\t\t<\/div>\n\t\t\t\t<\/div>\n\t\t","protected":false},"excerpt":{"rendered":"<p>2025 Palestrante na Associa\u00e7\u00e3o de Dirigentes Crist\u00e3os de Empresa (ADCE) Campinas, em 15 de dezembro de 2025, com a palestra \u201cS\u00edndrome de Down e Inclus\u00e3o&#8220;. Palestrante na TV Correio Popular, Daniel falou sobre o Down News, abordando a S\u00edndrome de Down e destacando o potencial, as capacidades e as in\u00fameras conquistas que pessoas com Down &hellip; <\/p>\n<p class=\"link-more\"><a href=\"https:\/\/dannydemiranda.com.br\/?page_id=137\" class=\"more-link\">Read more<span class=\"screen-reader-text\"> &#8220;Palestras&#8221;<\/span><\/a><\/p>\n","protected":false},"author":1,"featured_media":0,"parent":0,"menu_order":0,"comment_status":"closed","ping_status":"closed","template":"","meta":{"inspiro_hide_title":false,"footnotes":""},"class_list":["post-137","page","type-page","status-publish","hentry"],"_links":{"self":[{"href":"https:\/\/dannydemiranda.com.br\/index.php?rest_route=\/wp\/v2\/pages\/137","targetHints":{"allow":["GET"]}}],"collection":[{"href":"https:\/\/dannydemiranda.com.br\/index.php?rest_route=\/wp\/v2\/pages"}],"about":[{"href":"https:\/\/dannydemiranda.com.br\/index.php?rest_route=\/wp\/v2\/types\/page"}],"author":[{"embeddable":true,"href":"https:\/\/dannydemiranda.com.br\/index.php?rest_route=\/wp\/v2\/users\/1"}],"replies":[{"embeddable":true,"href":"https:\/\/dannydemiranda.com.br\/index.php?rest_route=%2Fwp%2Fv2%2Fcomments&post=137"}],"version-history":[{"count":31,"href":"https:\/\/dannydemiranda.com.br\/index.php?rest_route=\/wp\/v2\/pages\/137\/revisions"}],"predecessor-version":[{"id":1285,"href":"https:\/\/dannydemiranda.com.br\/index.php?rest_route=\/wp\/v2\/pages\/137\/revisions\/1285"}],"wp:attachment":[{"href":"https:\/\/dannydemiranda.com.br\/index.php?rest_route=%2Fwp%2Fv2%2Fmedia&parent=137"}],"curies":[{"name":"wp","href":"https:\/\/api.w.org\/{rel}","templated":true}]}}