{"id":131,"date":"2025-11-24T14:59:10","date_gmt":"2025-11-24T17:59:10","guid":{"rendered":"https:\/\/dannydemiranda.com.br\/?page_id=131"},"modified":"2026-01-15T11:22:28","modified_gmt":"2026-01-15T14:22:28","slug":"stop-motion","status":"publish","type":"page","link":"https:\/\/dannydemiranda.com.br\/?page_id=131","title":{"rendered":"Stop Motion"},"content":{"rendered":"\t\t<div data-elementor-type=\"wp-page\" data-elementor-id=\"131\" class=\"elementor elementor-131\">\n\t\t\t\t<div class=\"elementor-element elementor-element-022ed1c e-flex e-con-boxed e-con e-parent\" data-id=\"022ed1c\" data-element_type=\"container\" data-e-type=\"container\">\n\t\t\t\t\t<div class=\"e-con-inner\">\n\t\t\t\t<div class=\"elementor-element elementor-element-2484dd1 elementor-widget elementor-widget-text-editor\" data-id=\"2484dd1\" data-element_type=\"widget\" data-e-type=\"widget\" data-widget_type=\"text-editor.default\">\n\t\t\t\t<div class=\"elementor-widget-container\">\n\t\t\t\t\t\t\t\t\t<p>Danny colaborou ativamente na cria\u00e7\u00e3o e no desenvolvimento de v\u00eddeos em stop motion, trabalhando ao lado de suas irm\u00e3s, Iris e Melissa, e de sua m\u00e3e, <a href=\"https:\/\/lianajohn.com.br\/\" target=\"_blank\" rel=\"noopener\">Liana John<\/a>. Juntos, participaram do processo criativo, constru\u00e7\u00e3o dos cen\u00e1rios e produ\u00e7\u00e3o das anima\u00e7\u00f5es.<\/p><p>Essa experi\u00eancia contribuiu significativamente para seu desenvolvimento art\u00edstico e cognitivo, fortalecendo sua capacidade de planejamento, aten\u00e7\u00e3o aos detalhes, imagina\u00e7\u00e3o, organiza\u00e7\u00e3o de cenas e colabora\u00e7\u00e3o em grupo.<\/p><p>Confira abaixo!<\/p>\t\t\t\t\t\t\t\t<\/div>\n\t\t\t\t<\/div>\n\t\t\t\t\t<\/div>\n\t\t\t\t<\/div>\n\t\t<div class=\"elementor-element elementor-element-b811147 e-flex e-con-boxed e-con e-parent\" data-id=\"b811147\" data-element_type=\"container\" data-e-type=\"container\">\n\t\t\t\t\t<div class=\"e-con-inner\">\n\t\t<div class=\"elementor-element elementor-element-357f36f e-con-full e-flex e-con e-child\" data-id=\"357f36f\" data-element_type=\"container\" data-e-type=\"container\">\n\t\t\t\t<div class=\"elementor-element elementor-element-3a7d3df elementor-widget elementor-widget-video\" data-id=\"3a7d3df\" data-element_type=\"widget\" data-e-type=\"widget\" data-settings=\"{&quot;youtube_url&quot;:&quot;https:\\\/\\\/www.youtube.com\\\/watch?v=fQ00GdeFcNc&quot;,&quot;video_type&quot;:&quot;youtube&quot;,&quot;controls&quot;:&quot;yes&quot;}\" data-widget_type=\"video.default\">\n\t\t\t\t<div class=\"elementor-widget-container\">\n\t\t\t\t\t\t\t<div class=\"elementor-wrapper elementor-open-inline\">\n\t\t\t<div class=\"elementor-video\"><\/div>\t\t<\/div>\n\t\t\t\t\t\t<\/div>\n\t\t\t\t<\/div>\n\t\t\t\t<\/div>\n\t\t<div class=\"elementor-element elementor-element-4d49938 e-con-full e-flex e-con e-child\" data-id=\"4d49938\" data-element_type=\"container\" data-e-type=\"container\">\n\t\t\t\t<div class=\"elementor-element elementor-element-ea7a37d elementor-widget elementor-widget-video\" data-id=\"ea7a37d\" data-element_type=\"widget\" data-e-type=\"widget\" data-settings=\"{&quot;youtube_url&quot;:&quot;https:\\\/\\\/www.youtube.com\\\/watch?v=RXyzuor-S7A&quot;,&quot;video_type&quot;:&quot;youtube&quot;,&quot;controls&quot;:&quot;yes&quot;}\" data-widget_type=\"video.default\">\n\t\t\t\t<div class=\"elementor-widget-container\">\n\t\t\t\t\t\t\t<div class=\"elementor-wrapper elementor-open-inline\">\n\t\t\t<div class=\"elementor-video\"><\/div>\t\t<\/div>\n\t\t\t\t\t\t<\/div>\n\t\t\t\t<\/div>\n\t\t\t\t<\/div>\n\t\t<div class=\"elementor-element elementor-element-a4be15b e-con-full e-flex e-con e-child\" data-id=\"a4be15b\" data-element_type=\"container\" data-e-type=\"container\">\n\t\t\t\t<div class=\"elementor-element elementor-element-153d0ca elementor-widget elementor-widget-video\" data-id=\"153d0ca\" data-element_type=\"widget\" data-e-type=\"widget\" data-settings=\"{&quot;youtube_url&quot;:&quot;https:\\\/\\\/www.youtube.com\\\/watch?v=u79Tpo3I0Lo&quot;,&quot;video_type&quot;:&quot;youtube&quot;,&quot;controls&quot;:&quot;yes&quot;}\" data-widget_type=\"video.default\">\n\t\t\t\t<div class=\"elementor-widget-container\">\n\t\t\t\t\t\t\t<div class=\"elementor-wrapper elementor-open-inline\">\n\t\t\t<div class=\"elementor-video\"><\/div>\t\t<\/div>\n\t\t\t\t\t\t<\/div>\n\t\t\t\t<\/div>\n\t\t\t\t<\/div>\n\t\t<div class=\"elementor-element elementor-element-0d8eb1c e-con-full e-flex e-con e-child\" data-id=\"0d8eb1c\" data-element_type=\"container\" data-e-type=\"container\">\n\t\t\t\t<div class=\"elementor-element elementor-element-cdb3c62 elementor-widget elementor-widget-video\" data-id=\"cdb3c62\" data-element_type=\"widget\" data-e-type=\"widget\" data-settings=\"{&quot;youtube_url&quot;:&quot;https:\\\/\\\/www.youtube.com\\\/watch?v=2i2um094CcA&quot;,&quot;video_type&quot;:&quot;youtube&quot;,&quot;controls&quot;:&quot;yes&quot;}\" data-widget_type=\"video.default\">\n\t\t\t\t<div class=\"elementor-widget-container\">\n\t\t\t\t\t\t\t<div class=\"elementor-wrapper elementor-open-inline\">\n\t\t\t<div class=\"elementor-video\"><\/div>\t\t<\/div>\n\t\t\t\t\t\t<\/div>\n\t\t\t\t<\/div>\n\t\t\t\t<\/div>\n\t\t\t\t\t<\/div>\n\t\t\t\t<\/div>\n\t\t\t\t<\/div>\n\t\t","protected":false},"excerpt":{"rendered":"<p>Danny colaborou ativamente na cria\u00e7\u00e3o e no desenvolvimento de v\u00eddeos em stop motion, trabalhando ao lado de suas irm\u00e3s, Iris e Melissa, e de sua m\u00e3e, Liana John. Juntos, participaram do processo criativo, constru\u00e7\u00e3o dos cen\u00e1rios e produ\u00e7\u00e3o das anima\u00e7\u00f5es. Essa experi\u00eancia contribuiu significativamente para seu desenvolvimento art\u00edstico e cognitivo, fortalecendo sua capacidade de planejamento, &hellip; <\/p>\n<p class=\"link-more\"><a href=\"https:\/\/dannydemiranda.com.br\/?page_id=131\" class=\"more-link\">Read more<span class=\"screen-reader-text\"> &#8220;Stop Motion&#8221;<\/span><\/a><\/p>\n","protected":false},"author":1,"featured_media":0,"parent":0,"menu_order":0,"comment_status":"closed","ping_status":"closed","template":"","meta":{"inspiro_hide_title":false,"footnotes":""},"class_list":["post-131","page","type-page","status-publish","hentry"],"_links":{"self":[{"href":"https:\/\/dannydemiranda.com.br\/index.php?rest_route=\/wp\/v2\/pages\/131","targetHints":{"allow":["GET"]}}],"collection":[{"href":"https:\/\/dannydemiranda.com.br\/index.php?rest_route=\/wp\/v2\/pages"}],"about":[{"href":"https:\/\/dannydemiranda.com.br\/index.php?rest_route=\/wp\/v2\/types\/page"}],"author":[{"embeddable":true,"href":"https:\/\/dannydemiranda.com.br\/index.php?rest_route=\/wp\/v2\/users\/1"}],"replies":[{"embeddable":true,"href":"https:\/\/dannydemiranda.com.br\/index.php?rest_route=%2Fwp%2Fv2%2Fcomments&post=131"}],"version-history":[{"count":22,"href":"https:\/\/dannydemiranda.com.br\/index.php?rest_route=\/wp\/v2\/pages\/131\/revisions"}],"predecessor-version":[{"id":810,"href":"https:\/\/dannydemiranda.com.br\/index.php?rest_route=\/wp\/v2\/pages\/131\/revisions\/810"}],"wp:attachment":[{"href":"https:\/\/dannydemiranda.com.br\/index.php?rest_route=%2Fwp%2Fv2%2Fmedia&parent=131"}],"curies":[{"name":"wp","href":"https:\/\/api.w.org\/{rel}","templated":true}]}}