{"id":1154,"date":"2026-02-26T11:39:25","date_gmt":"2026-02-26T14:39:25","guid":{"rendered":"https:\/\/dannydemiranda.com.br\/?page_id=1154"},"modified":"2026-02-26T12:44:09","modified_gmt":"2026-02-26T15:44:09","slug":"basquete","status":"publish","type":"page","link":"https:\/\/dannydemiranda.com.br\/?page_id=1154","title":{"rendered":"Basquete"},"content":{"rendered":"\t\t<div data-elementor-type=\"wp-page\" data-elementor-id=\"1154\" class=\"elementor elementor-1154\">\n\t\t\t\t<div class=\"elementor-element elementor-element-de4c1bc e-flex e-con-boxed e-con e-parent\" data-id=\"de4c1bc\" data-element_type=\"container\" data-e-type=\"container\">\n\t\t\t\t\t<div class=\"e-con-inner\">\n\t\t\t\t<div class=\"elementor-element elementor-element-7c79296 elementor-widget elementor-widget-text-editor\" data-id=\"7c79296\" data-element_type=\"widget\" data-e-type=\"widget\" data-widget_type=\"text-editor.default\">\n\t\t\t\t<div class=\"elementor-widget-container\">\n\t\t\t\t\t\t\t\t\t<p><em>(p\u00e1gina em constru\u00e7\u00e3o)<\/em><\/p>\t\t\t\t\t\t\t\t<\/div>\n\t\t\t\t<\/div>\n\t\t\t\t\t<\/div>\n\t\t\t\t<\/div>\n\t\t<div class=\"elementor-element elementor-element-e5328fa e-flex e-con-boxed e-con e-parent\" data-id=\"e5328fa\" data-element_type=\"container\" data-e-type=\"container\">\n\t\t\t\t\t<div class=\"e-con-inner\">\n\t\t\t\t<div class=\"elementor-element elementor-element-ee18a07 elementor-widget elementor-widget-image-gallery\" data-id=\"ee18a07\" data-element_type=\"widget\" data-e-type=\"widget\" data-widget_type=\"image-gallery.default\">\n\t\t\t\t<div class=\"elementor-widget-container\">\n\t\t\t\t\t\t\t<div class=\"elementor-image-gallery\">\n\t\t\t<div id='gallery-1' class='gallery galleryid-1154 gallery-columns-4 gallery-size-medium'><figure class='gallery-item'>\n\t\t\t<div class='gallery-icon portrait'>\n\t\t\t\t<a data-elementor-open-lightbox=\"yes\" data-elementor-lightbox-slideshow=\"ee18a07\" data-elementor-lightbox-title=\"Basquete com Danny de Miranda\" data-e-action-hash=\"#elementor-action%3Aaction%3Dlightbox%26settings%3DeyJpZCI6MTE2NCwidXJsIjoiaHR0cHM6XC9cL2Rhbm55ZGVtaXJhbmRhLmNvbS5iclwvd3AtY29udGVudFwvdXBsb2Fkc1wvMjAyNlwvMDJcL0Jhc3F1ZXRlLWNvbS1EYW5ueS1kZS1NaXJhbmRhLXNjYWxlZC5qcGciLCJzbGlkZXNob3ciOiJlZTE4YTA3In0%3D\" href='https:\/\/dannydemiranda.com.br\/wp-content\/uploads\/2026\/02\/Basquete-com-Danny-de-Miranda-scaled.jpg'><img decoding=\"async\" width=\"135\" height=\"300\" src=\"https:\/\/dannydemiranda.com.br\/wp-content\/uploads\/2026\/02\/Basquete-com-Danny-de-Miranda-135x300.jpg\" class=\"attachment-medium size-medium\" alt=\"\" aria-describedby=\"gallery-1-1164\" srcset=\"https:\/\/dannydemiranda.com.br\/wp-content\/uploads\/2026\/02\/Basquete-com-Danny-de-Miranda-135x300.jpg 135w, https:\/\/dannydemiranda.com.br\/wp-content\/uploads\/2026\/02\/Basquete-com-Danny-de-Miranda-461x1024.jpg 461w, https:\/\/dannydemiranda.com.br\/wp-content\/uploads\/2026\/02\/Basquete-com-Danny-de-Miranda-scaled-692x1536.jpg 692w, https:\/\/dannydemiranda.com.br\/wp-content\/uploads\/2026\/02\/Basquete-com-Danny-de-Miranda-scaled-922x2048.jpg 922w, https:\/\/dannydemiranda.com.br\/wp-content\/uploads\/2026\/02\/Basquete-com-Danny-de-Miranda-scaled.jpg 1153w\" sizes=\"100vw\" \/><\/a>\n\t\t\t<\/div>\n\t\t\t\t<figcaption class='wp-caption-text gallery-caption' id='gallery-1-1164'>\n\t\t\t\tBasquete com Danny de Miranda \n\t\t\t\t<\/figcaption><\/figure>\n\t\t<\/div>\n\t\t<\/div>\n\t\t\t\t\t\t<\/div>\n\t\t\t\t<\/div>\n\t\t\t\t\t<\/div>\n\t\t\t\t<\/div>\n\t\t<div class=\"elementor-element elementor-element-e1369bf e-flex e-con-boxed e-con e-parent\" data-id=\"e1369bf\" data-element_type=\"container\" data-e-type=\"container\">\n\t\t\t\t\t<div class=\"e-con-inner\">\n\t\t<div class=\"elementor-element elementor-element-73db5c7 e-con-full e-flex e-con e-child\" data-id=\"73db5c7\" data-element_type=\"container\" data-e-type=\"container\">\n\t\t\t\t<div class=\"elementor-element elementor-element-4cd7384 elementor-widget elementor-widget-video\" data-id=\"4cd7384\" data-element_type=\"widget\" data-e-type=\"widget\" data-settings=\"{&quot;youtube_url&quot;:&quot;https:\\\/\\\/youtu.be\\\/q_qToBSon2I?si=IbBAsjUda3iM6uxx&quot;,&quot;video_type&quot;:&quot;youtube&quot;,&quot;controls&quot;:&quot;yes&quot;}\" data-widget_type=\"video.default\">\n\t\t\t\t<div class=\"elementor-widget-container\">\n\t\t\t\t\t\t\t<div class=\"elementor-wrapper elementor-open-inline\">\n\t\t\t<div class=\"elementor-video\"><\/div>\t\t<\/div>\n\t\t\t\t\t\t<\/div>\n\t\t\t\t<\/div>\n\t\t\t\t<\/div>\n\t\t<div class=\"elementor-element elementor-element-34e384b e-con-full e-flex e-con e-child\" data-id=\"34e384b\" data-element_type=\"container\" data-e-type=\"container\">\n\t\t\t\t<div class=\"elementor-element elementor-element-94f7d4e elementor-widget elementor-widget-video\" data-id=\"94f7d4e\" data-element_type=\"widget\" data-e-type=\"widget\" data-settings=\"{&quot;youtube_url&quot;:&quot;https:\\\/\\\/youtu.be\\\/hpZQECEad8E?si=rGSrz2iDINX9d2vJ&quot;,&quot;video_type&quot;:&quot;youtube&quot;,&quot;controls&quot;:&quot;yes&quot;}\" data-widget_type=\"video.default\">\n\t\t\t\t<div class=\"elementor-widget-container\">\n\t\t\t\t\t\t\t<div class=\"elementor-wrapper elementor-open-inline\">\n\t\t\t<div class=\"elementor-video\"><\/div>\t\t<\/div>\n\t\t\t\t\t\t<\/div>\n\t\t\t\t<\/div>\n\t\t\t\t<\/div>\n\t\t<div class=\"elementor-element elementor-element-0c93a93 e-con-full e-flex e-con e-child\" data-id=\"0c93a93\" data-element_type=\"container\" data-e-type=\"container\">\n\t\t\t\t<div class=\"elementor-element elementor-element-250d900 elementor-widget elementor-widget-video\" data-id=\"250d900\" data-element_type=\"widget\" data-e-type=\"widget\" data-settings=\"{&quot;youtube_url&quot;:&quot;https:\\\/\\\/youtu.be\\\/dj6gnwbQ87I?si=rT8Upw8UL6klsV_-&quot;,&quot;video_type&quot;:&quot;youtube&quot;,&quot;controls&quot;:&quot;yes&quot;}\" data-widget_type=\"video.default\">\n\t\t\t\t<div class=\"elementor-widget-container\">\n\t\t\t\t\t\t\t<div class=\"elementor-wrapper elementor-open-inline\">\n\t\t\t<div class=\"elementor-video\"><\/div>\t\t<\/div>\n\t\t\t\t\t\t<\/div>\n\t\t\t\t<\/div>\n\t\t\t\t<\/div>\n\t\t\t\t\t<\/div>\n\t\t\t\t<\/div>\n\t\t\t\t<\/div>\n\t\t","protected":false},"excerpt":{"rendered":"<p>(p\u00e1gina em constru\u00e7\u00e3o) Basquete com Danny de Miranda<\/p>\n","protected":false},"author":1,"featured_media":0,"parent":0,"menu_order":0,"comment_status":"closed","ping_status":"closed","template":"","meta":{"inspiro_hide_title":false,"footnotes":""},"class_list":["post-1154","page","type-page","status-publish","hentry"],"_links":{"self":[{"href":"https:\/\/dannydemiranda.com.br\/index.php?rest_route=\/wp\/v2\/pages\/1154","targetHints":{"allow":["GET"]}}],"collection":[{"href":"https:\/\/dannydemiranda.com.br\/index.php?rest_route=\/wp\/v2\/pages"}],"about":[{"href":"https:\/\/dannydemiranda.com.br\/index.php?rest_route=\/wp\/v2\/types\/page"}],"author":[{"embeddable":true,"href":"https:\/\/dannydemiranda.com.br\/index.php?rest_route=\/wp\/v2\/users\/1"}],"replies":[{"embeddable":true,"href":"https:\/\/dannydemiranda.com.br\/index.php?rest_route=%2Fwp%2Fv2%2Fcomments&post=1154"}],"version-history":[{"count":22,"href":"https:\/\/dannydemiranda.com.br\/index.php?rest_route=\/wp\/v2\/pages\/1154\/revisions"}],"predecessor-version":[{"id":1182,"href":"https:\/\/dannydemiranda.com.br\/index.php?rest_route=\/wp\/v2\/pages\/1154\/revisions\/1182"}],"wp:attachment":[{"href":"https:\/\/dannydemiranda.com.br\/index.php?rest_route=%2Fwp%2Fv2%2Fmedia&parent=1154"}],"curies":[{"name":"wp","href":"https:\/\/api.w.org\/{rel}","templated":true}]}}