{"id":1013,"date":"2026-02-19T10:19:23","date_gmt":"2026-02-19T13:19:23","guid":{"rendered":"https:\/\/dannydemiranda.com.br\/?page_id=1013"},"modified":"2026-02-19T10:21:12","modified_gmt":"2026-02-19T13:21:12","slug":"braco-de-ferro","status":"publish","type":"page","link":"https:\/\/dannydemiranda.com.br\/?page_id=1013","title":{"rendered":"Bra\u00e7o de ferro"},"content":{"rendered":"\t\t<div data-elementor-type=\"wp-page\" data-elementor-id=\"1013\" class=\"elementor elementor-1013\">\n\t\t\t\t<div class=\"elementor-element elementor-element-4f7cdc7 e-flex e-con-boxed e-con e-parent\" data-id=\"4f7cdc7\" data-element_type=\"container\" data-e-type=\"container\">\n\t\t\t\t\t<div class=\"e-con-inner\">\n\t\t\t\t<div class=\"elementor-element elementor-element-0d7e0e6 elementor-widget elementor-widget-text-editor\" data-id=\"0d7e0e6\" data-element_type=\"widget\" data-e-type=\"widget\" data-widget_type=\"text-editor.default\">\n\t\t\t\t<div class=\"elementor-widget-container\">\n\t\t\t\t\t\t\t\t\t<p><em>(p\u00e1gina em constru\u00e7\u00e3o)<\/em><\/p>\t\t\t\t\t\t\t\t<\/div>\n\t\t\t\t<\/div>\n\t\t\t\t\t<\/div>\n\t\t\t\t<\/div>\n\t\t<div class=\"elementor-element elementor-element-7dbe717 e-flex e-con-boxed e-con e-parent\" data-id=\"7dbe717\" data-element_type=\"container\" data-e-type=\"container\">\n\t\t\t\t\t<div class=\"e-con-inner\">\n\t\t<div class=\"elementor-element elementor-element-335a446 e-con-full e-flex e-con e-child\" data-id=\"335a446\" data-element_type=\"container\" data-e-type=\"container\">\n\t\t\t\t<\/div>\n\t\t<div class=\"elementor-element elementor-element-984e2c3 e-con-full e-flex e-con e-child\" data-id=\"984e2c3\" data-element_type=\"container\" data-e-type=\"container\">\n\t\t\t\t<div class=\"elementor-element elementor-element-71cab1c elementor-widget elementor-widget-video\" data-id=\"71cab1c\" data-element_type=\"widget\" data-e-type=\"widget\" data-settings=\"{&quot;youtube_url&quot;:&quot;https:\\\/\\\/youtu.be\\\/vlNx3dVkFoU?si=VM1c_2jhWIsW4O0c&quot;,&quot;video_type&quot;:&quot;youtube&quot;,&quot;controls&quot;:&quot;yes&quot;}\" data-widget_type=\"video.default\">\n\t\t\t\t<div class=\"elementor-widget-container\">\n\t\t\t\t\t\t\t<div class=\"elementor-wrapper elementor-open-inline\">\n\t\t\t<div class=\"elementor-video\"><\/div>\t\t<\/div>\n\t\t\t\t\t\t<\/div>\n\t\t\t\t<\/div>\n\t\t\t\t<\/div>\n\t\t<div class=\"elementor-element elementor-element-a317008 e-con-full e-flex e-con e-child\" data-id=\"a317008\" data-element_type=\"container\" data-e-type=\"container\">\n\t\t\t\t<\/div>\n\t\t\t\t\t<\/div>\n\t\t\t\t<\/div>\n\t\t\t\t<\/div>\n\t\t","protected":false},"excerpt":{"rendered":"<p>(p\u00e1gina em constru\u00e7\u00e3o) https:\/\/youtu.be\/vlNx3dVkFoU?si=VM1c_2jhWIsW4O0c<\/p>\n","protected":false},"author":1,"featured_media":0,"parent":0,"menu_order":0,"comment_status":"closed","ping_status":"closed","template":"","meta":{"inspiro_hide_title":false,"footnotes":""},"class_list":["post-1013","page","type-page","status-publish","hentry"],"_links":{"self":[{"href":"https:\/\/dannydemiranda.com.br\/index.php?rest_route=\/wp\/v2\/pages\/1013","targetHints":{"allow":["GET"]}}],"collection":[{"href":"https:\/\/dannydemiranda.com.br\/index.php?rest_route=\/wp\/v2\/pages"}],"about":[{"href":"https:\/\/dannydemiranda.com.br\/index.php?rest_route=\/wp\/v2\/types\/page"}],"author":[{"embeddable":true,"href":"https:\/\/dannydemiranda.com.br\/index.php?rest_route=\/wp\/v2\/users\/1"}],"replies":[{"embeddable":true,"href":"https:\/\/dannydemiranda.com.br\/index.php?rest_route=%2Fwp%2Fv2%2Fcomments&post=1013"}],"version-history":[{"count":4,"href":"https:\/\/dannydemiranda.com.br\/index.php?rest_route=\/wp\/v2\/pages\/1013\/revisions"}],"predecessor-version":[{"id":1018,"href":"https:\/\/dannydemiranda.com.br\/index.php?rest_route=\/wp\/v2\/pages\/1013\/revisions\/1018"}],"wp:attachment":[{"href":"https:\/\/dannydemiranda.com.br\/index.php?rest_route=%2Fwp%2Fv2%2Fmedia&parent=1013"}],"curies":[{"name":"wp","href":"https:\/\/api.w.org\/{rel}","templated":true}]}}